{"id":97,"date":"2016-12-14T08:21:52","date_gmt":"2016-12-14T07:21:52","guid":{"rendered":"http:\/\/dezavelle.com\/cabinet-dpo\/?page_id=97"},"modified":"2017-03-31T13:30:39","modified_gmt":"2017-03-31T11:30:39","slug":"pourquoi-dpo-avocats","status":"publish","type":"page","link":"https:\/\/dezavelle.com\/cabinet-dpo\/pourquoi-dpo-avocats\/","title":{"rendered":"Pourquoi DPO-AVOCATS ?"},"content":{"rendered":"<p>&nbsp;<\/p>\n<p><img loading=\"lazy\" decoding=\"async\" class=\" wp-image-564 alignleft\" src=\"https:\/\/dezavelle.com\/cabinet-dpo\/wp-content\/uploads\/2016\/12\/Logo-Rond-HD-300x297.jpg\" alt=\"\" width=\"273\" height=\"270\" srcset=\"https:\/\/dezavelle.com\/cabinet-dpo\/wp-content\/uploads\/2016\/12\/Logo-Rond-HD-300x297.jpg 300w, https:\/\/dezavelle.com\/cabinet-dpo\/wp-content\/uploads\/2016\/12\/Logo-Rond-HD.jpg 373w\" sizes=\"(max-width: 273px) 100vw, 273px\" \/>Le fait que les fonctions de CIL soient assur\u00e9es sous l\u2019autorit\u00e9 d\u2019un Cabinet d\u2019Avocats d\u00e9l\u00e9gu\u00e9 \u00e0 la Protection des donn\u00e9es pr\u00e9sente de multiples avantages, et permet aux entit\u00e9s d\u2019avoir \u00e0 leur disposition un professionnel expert qui peut les conseiller pour \u00e9liminer les risques, et le cas \u00e9ch\u00e9ant, les accompagner dans le r\u00e8glement d\u2019\u00e9ventuels n\u00e9gociations, litiges ou plaintes.<br \/>\nDans le cadre d\u2019un CIL d\u00e9sign\u00e9 au sein d\u2019un Cabinet d\u2019Avocats, la totale \u00e9tanch\u00e9it\u00e9 des informations confidentielles en possession du CIL est couverte strictement par le secret professionnel et le code de d\u00e9ontologie de la profession d\u2019avocat.<\/p>\n<h2><\/h2>\n<h2><\/h2>\n<h2>Un encadrement juridique renforc\u00e9<\/h2>\n<p>Un CIL salari\u00e9 interne \u00e0 l\u2019entreprise n\u2019a pas forc\u00e9ment une formation de juriste reconnue, ni les comp\u00e9tences professionnelles pour se diriger ou se retrouver dans les arcanes de la Loi Informatique et Libert\u00e9s, plus encore avec le R\u00e8glement relatif \u00e0 la protection des personnes physiques \u00e0 l&rsquo;\u00e9gard du traitement des donn\u00e9es \u00e0 caract\u00e8re personnelles dit RGPD, applicable de plein droit \u00e0 toutes les entreprises en mai 2018.<br \/>\nDe par sa formation, son exp\u00e9rience, et les moyens de veille et d&rsquo;analyse qu&rsquo;il peut mobiliser, l\u2019avocat est un professionnel pertinent pour assumer le r\u00f4le de CIL. Il pr\u00e9sente les garanties juridiques de comp\u00e9tences techniques et d\u2019ind\u00e9pendance requises par la loi.<br \/>\nEn outre, \u00e9tant habitu\u00e9, de par sa fonction m\u00eame, \u00e0 assurer la protection des libert\u00e9s publiques et individuelles, son r\u00f4le est essentiel dans les m\u00e9canismes de protection des donn\u00e9es \u00e0 caract\u00e8re personnel d\u00e9finis par les responsables de traitement.<\/p>\n<h2><\/h2>\n<h2>Le code de d\u00e9ontologie des Avocats<\/h2>\n<p>Un CIL salari\u00e9 interne \u00e0 l\u2019entreprise ne se r\u00e9f\u00e8re \u00e0 aucune charte professionnelle ou code de d\u00e9ontologie.<br \/>\nA l\u2019inverse, pour un CIL-Avocat, des dispositions ordinales particuli\u00e8res ont pour objet de garantir la compatibilit\u00e9 entre les r\u00e8gles d\u00e9ontologiques de la profession d\u2019avocat et les missions du CIL, en renfor\u00e7ant par ailleurs le b\u00e9n\u00e9fice que celles-ci peuvent apporter aux entreprises en mati\u00e8re de protection des donn\u00e9es \u00e0 caract\u00e8re personnel.<br \/>\nLe RIN (R\u00e8glement Int\u00e9rieur National de la profession d\u2019avocat) pr\u00e9cise ainsi que \u00ab l\u2019avocat correspondant \u00e0 la protection des donn\u00e9es personnelles se doit de mettre un terme \u00e0 sa mission s\u2019il estime ne pas pouvoir l\u2019exercer, apr\u00e8s avoir pr\u00e9alablement inform\u00e9 et effectu\u00e9 les d\u00e9marches n\u00e9cessaires aupr\u00e8s du responsable de traitement \u00bb, ce qui est une disposition d\u00e9rogatoire \u00e0 la Loi Informatique et Libert\u00e9s particuli\u00e8rement avantageuses pour les organismes.<\/p>\n<h2>Un secret professionnel\u00a0absolu<\/h2>\n<p>Un CIL non avocat ou salari\u00e9 de l\u2019organisme, qui rencontre une difficult\u00e9 dans l\u2019exercice de sa mission avec les d\u00e9cisions de son responsable de traitement, doit saisir la CNIL en l\u2019informant conjointement. Il a ainsi une obligation de d\u00e9nonciation au regard de la loi Informatique et Libert\u00e9s et de son d\u00e9cret d\u2019application (art. 49 et 51 du d\u00e9cret)<br \/>\nA l\u2019inverse, la d\u00e9signation d\u2019un avocat en tant que CIL implique qu\u2019il ne saurait violer le secret professionnel absolu qui le lie \u00e0 son client. D\u00e8s lors, aucune obligation de d\u00e9nonciation ne peut \u00eatre mise \u00e0 la charge de l&rsquo;avocat, y compris dans le cadre de sa d\u00e9signation de CIL mutualis\u00e9.<\/p>\n<h2>Une responsabilit\u00e9 civile et p\u00e9nale de ses actes<\/h2>\n<p>Si la d\u00e9signation d\u2019un CIL n\u2019entra\u00eene pas d&rsquo;exon\u00e9ration de responsabilit\u00e9 civile ou p\u00e9nale pour le responsable de traitement, un avocat d\u00e9sign\u00e9 en tant que CIL est susceptible d\u2019engager sa responsabilit\u00e9 professionnelle d\u2019avocat, ce qui est protecteur pour les entreprises, \u00e0 l\u2019inverse d\u2019un CIL interne dont la responsabilit\u00e9 ne peut pas \u00eatre recherch\u00e9e dans l\u2019exercice de sa mission.<\/p>\n","protected":false},"excerpt":{"rendered":"<p>&nbsp; Le fait que les fonctions de CIL soient assur\u00e9es sous l\u2019autorit\u00e9 d\u2019un Cabinet d\u2019Avocats d\u00e9l\u00e9gu\u00e9 \u00e0 la Protection des donn\u00e9es pr\u00e9sente de multiples avantages, et permet aux entit\u00e9s d\u2019avoir \u00e0 leur disposition un professionnel expert qui peut les conseiller pour \u00e9liminer les risques, et le cas \u00e9ch\u00e9ant, les accompagner dans le r\u00e8glement d\u2019\u00e9ventuels n\u00e9gociations, [&hellip;]<\/p>\n","protected":false},"author":1,"featured_media":0,"parent":0,"menu_order":0,"comment_status":"closed","ping_status":"closed","template":"","meta":{"footnotes":""},"yoast_head":"<!-- This site is optimized with the Yoast SEO plugin v20.4 - https:\/\/yoast.com\/wordpress\/plugins\/seo\/ -->\n<title>Pourquoi DPO-AVOCATS ? - Dezavelle<\/title>\n<meta name=\"robots\" content=\"index, follow, max-snippet:-1, max-image-preview:large, max-video-preview:-1\" \/>\n<link rel=\"canonical\" href=\"https:\/\/dezavelle.com\/cabinet-dpo\/pourquoi-dpo-avocats\/\" \/>\n<meta property=\"og:locale\" content=\"fr_FR\" \/>\n<meta property=\"og:type\" content=\"article\" \/>\n<meta property=\"og:title\" content=\"Pourquoi DPO-AVOCATS ? - Dezavelle\" \/>\n<meta property=\"og:description\" content=\"&nbsp; Le fait que les fonctions de CIL soient assur\u00e9es sous l\u2019autorit\u00e9 d\u2019un Cabinet d\u2019Avocats d\u00e9l\u00e9gu\u00e9 \u00e0 la Protection des donn\u00e9es pr\u00e9sente de multiples avantages, et permet aux entit\u00e9s d\u2019avoir \u00e0 leur disposition un professionnel expert qui peut les conseiller pour \u00e9liminer les risques, et le cas \u00e9ch\u00e9ant, les accompagner dans le r\u00e8glement d\u2019\u00e9ventuels n\u00e9gociations, [&hellip;]\" \/>\n<meta property=\"og:url\" content=\"https:\/\/dezavelle.com\/cabinet-dpo\/pourquoi-dpo-avocats\/\" \/>\n<meta property=\"og:site_name\" content=\"Dezavelle\" \/>\n<meta property=\"article:modified_time\" content=\"2017-03-31T11:30:39+00:00\" \/>\n<meta property=\"og:image\" content=\"https:\/\/dezavelle.com\/cabinet-dpo\/wp-content\/uploads\/2016\/12\/Logo-Rond-HD-300x297.jpg\" \/>\n<meta name=\"twitter:card\" content=\"summary_large_image\" \/>\n<meta name=\"twitter:label1\" content=\"Dur\u00e9e de lecture estim\u00e9e\" \/>\n\t<meta name=\"twitter:data1\" content=\"3 minutes\" \/>\n<script type=\"application\/ld+json\" class=\"yoast-schema-graph\">{\"@context\":\"https:\/\/schema.org\",\"@graph\":[{\"@type\":\"WebPage\",\"@id\":\"https:\/\/dezavelle.com\/cabinet-dpo\/pourquoi-dpo-avocats\/\",\"url\":\"https:\/\/dezavelle.com\/cabinet-dpo\/pourquoi-dpo-avocats\/\",\"name\":\"Pourquoi DPO-AVOCATS ? - Dezavelle\",\"isPartOf\":{\"@id\":\"https:\/\/dezavelle.com\/cabinet-dpo\/#website\"},\"datePublished\":\"2016-12-14T07:21:52+00:00\",\"dateModified\":\"2017-03-31T11:30:39+00:00\",\"breadcrumb\":{\"@id\":\"https:\/\/dezavelle.com\/cabinet-dpo\/pourquoi-dpo-avocats\/#breadcrumb\"},\"inLanguage\":\"fr-FR\",\"potentialAction\":[{\"@type\":\"ReadAction\",\"target\":[\"https:\/\/dezavelle.com\/cabinet-dpo\/pourquoi-dpo-avocats\/\"]}]},{\"@type\":\"BreadcrumbList\",\"@id\":\"https:\/\/dezavelle.com\/cabinet-dpo\/pourquoi-dpo-avocats\/#breadcrumb\",\"itemListElement\":[{\"@type\":\"ListItem\",\"position\":1,\"name\":\"Accueil\",\"item\":\"https:\/\/dezavelle.com\/cabinet-dpo\/\"},{\"@type\":\"ListItem\",\"position\":2,\"name\":\"Pourquoi DPO-AVOCATS ?\"}]},{\"@type\":\"WebSite\",\"@id\":\"https:\/\/dezavelle.com\/cabinet-dpo\/#website\",\"url\":\"https:\/\/dezavelle.com\/cabinet-dpo\/\",\"name\":\"Dezavelle\",\"description\":\"\",\"potentialAction\":[{\"@type\":\"SearchAction\",\"target\":{\"@type\":\"EntryPoint\",\"urlTemplate\":\"https:\/\/dezavelle.com\/cabinet-dpo\/?s={search_term_string}\"},\"query-input\":\"required name=search_term_string\"}],\"inLanguage\":\"fr-FR\"}]}<\/script>\n<!-- \/ Yoast SEO plugin. -->","yoast_head_json":{"title":"Pourquoi DPO-AVOCATS ? - Dezavelle","robots":{"index":"index","follow":"follow","max-snippet":"max-snippet:-1","max-image-preview":"max-image-preview:large","max-video-preview":"max-video-preview:-1"},"canonical":"https:\/\/dezavelle.com\/cabinet-dpo\/pourquoi-dpo-avocats\/","og_locale":"fr_FR","og_type":"article","og_title":"Pourquoi DPO-AVOCATS ? - Dezavelle","og_description":"&nbsp; Le fait que les fonctions de CIL soient assur\u00e9es sous l\u2019autorit\u00e9 d\u2019un Cabinet d\u2019Avocats d\u00e9l\u00e9gu\u00e9 \u00e0 la Protection des donn\u00e9es pr\u00e9sente de multiples avantages, et permet aux entit\u00e9s d\u2019avoir \u00e0 leur disposition un professionnel expert qui peut les conseiller pour \u00e9liminer les risques, et le cas \u00e9ch\u00e9ant, les accompagner dans le r\u00e8glement d\u2019\u00e9ventuels n\u00e9gociations, [&hellip;]","og_url":"https:\/\/dezavelle.com\/cabinet-dpo\/pourquoi-dpo-avocats\/","og_site_name":"Dezavelle","article_modified_time":"2017-03-31T11:30:39+00:00","og_image":[{"url":"https:\/\/dezavelle.com\/cabinet-dpo\/wp-content\/uploads\/2016\/12\/Logo-Rond-HD-300x297.jpg"}],"twitter_card":"summary_large_image","twitter_misc":{"Dur\u00e9e de lecture estim\u00e9e":"3 minutes"},"schema":{"@context":"https:\/\/schema.org","@graph":[{"@type":"WebPage","@id":"https:\/\/dezavelle.com\/cabinet-dpo\/pourquoi-dpo-avocats\/","url":"https:\/\/dezavelle.com\/cabinet-dpo\/pourquoi-dpo-avocats\/","name":"Pourquoi DPO-AVOCATS ? - Dezavelle","isPartOf":{"@id":"https:\/\/dezavelle.com\/cabinet-dpo\/#website"},"datePublished":"2016-12-14T07:21:52+00:00","dateModified":"2017-03-31T11:30:39+00:00","breadcrumb":{"@id":"https:\/\/dezavelle.com\/cabinet-dpo\/pourquoi-dpo-avocats\/#breadcrumb"},"inLanguage":"fr-FR","potentialAction":[{"@type":"ReadAction","target":["https:\/\/dezavelle.com\/cabinet-dpo\/pourquoi-dpo-avocats\/"]}]},{"@type":"BreadcrumbList","@id":"https:\/\/dezavelle.com\/cabinet-dpo\/pourquoi-dpo-avocats\/#breadcrumb","itemListElement":[{"@type":"ListItem","position":1,"name":"Accueil","item":"https:\/\/dezavelle.com\/cabinet-dpo\/"},{"@type":"ListItem","position":2,"name":"Pourquoi DPO-AVOCATS ?"}]},{"@type":"WebSite","@id":"https:\/\/dezavelle.com\/cabinet-dpo\/#website","url":"https:\/\/dezavelle.com\/cabinet-dpo\/","name":"Dezavelle","description":"","potentialAction":[{"@type":"SearchAction","target":{"@type":"EntryPoint","urlTemplate":"https:\/\/dezavelle.com\/cabinet-dpo\/?s={search_term_string}"},"query-input":"required name=search_term_string"}],"inLanguage":"fr-FR"}]}},"_links":{"self":[{"href":"https:\/\/dezavelle.com\/cabinet-dpo\/wp-json\/wp\/v2\/pages\/97"}],"collection":[{"href":"https:\/\/dezavelle.com\/cabinet-dpo\/wp-json\/wp\/v2\/pages"}],"about":[{"href":"https:\/\/dezavelle.com\/cabinet-dpo\/wp-json\/wp\/v2\/types\/page"}],"author":[{"embeddable":true,"href":"https:\/\/dezavelle.com\/cabinet-dpo\/wp-json\/wp\/v2\/users\/1"}],"replies":[{"embeddable":true,"href":"https:\/\/dezavelle.com\/cabinet-dpo\/wp-json\/wp\/v2\/comments?post=97"}],"version-history":[{"count":6,"href":"https:\/\/dezavelle.com\/cabinet-dpo\/wp-json\/wp\/v2\/pages\/97\/revisions"}],"predecessor-version":[{"id":566,"href":"https:\/\/dezavelle.com\/cabinet-dpo\/wp-json\/wp\/v2\/pages\/97\/revisions\/566"}],"wp:attachment":[{"href":"https:\/\/dezavelle.com\/cabinet-dpo\/wp-json\/wp\/v2\/media?parent=97"}],"curies":[{"name":"wp","href":"https:\/\/api.w.org\/{rel}","templated":true}]}}