{"id":95,"date":"2016-12-14T08:21:24","date_gmt":"2016-12-14T07:21:24","guid":{"rendered":"http:\/\/dezavelle.com\/cabinet-dpo\/?page_id=95"},"modified":"2018-08-31T16:33:59","modified_gmt":"2018-08-31T14:33:59","slug":"pourquoi-designer-un-dpo","status":"publish","type":"page","link":"https:\/\/dezavelle.com\/cabinet-dpo\/pourquoi-designer-un-dpo\/","title":{"rendered":"Pourquoi d\u00e9signer un DPO ?"},"content":{"rendered":"<p><strong>Un DPO \u2026 Pour quoi faire ?<\/strong> Conform\u00e9ment \u00e0 la loi Informatique et Libert\u00e9s et \u00e0 son d\u00e9cret d\u2019application n\u00b0 2005-1309, les missions principales du DPO sont de :<\/p>\n<ul style=\"list-style-type: square;\">\n<li>tenir\u00a0un registre des traitements : dans les trois mois suivant sa d\u00e9signation, le correspondant doit dresser, par l\u2019interm\u00e9diaire d\u2019un registre, une liste des traitements automatis\u00e9s pour lesquels il a \u00e9t\u00e9 d\u00e9sign\u00e9.<\/li>\n<li>veiller \u00e0 l\u2019application de la loi Informatique et Libert\u00e9s au sein de l\u2019organisme qui l\u2019a d\u00e9sign\u00e9 : \u00e0 ce titre, il est obligatoirement consult\u00e9 pr\u00e9alablement \u00e0 la mise en \u0153uvre des traitements et il participe \u00e0 la diffusion de la \u00ab culture Informatique et Libert\u00e9s \u00bb dans l\u2019organisme.<\/li>\n<li>se charger de la r\u00e9ception des r\u00e9clamations et requ\u00eates des personnes concern\u00e9es par les traitements et de les transmettre aux services int\u00e9ress\u00e9s dans les formes et les d\u00e9lais pr\u00e9vus par la l\u00e9gislation ; il assure le respect du droit d\u2019acc\u00e8s et d\u2019opposition et \u00e0 l\u2019information des personnes concern\u00e9es sur leurs droits.<\/li>\n<li>devoir alerter sans d\u00e9lai le responsable de traitement des manquements constat\u00e9s.<\/li>\n<li>proc\u00e9der \u00e0 des audits internes (accountability \u2013 Etudes d\u2019impact \u2013 S\u00e9curisation des SI et protection physique des donn\u00e9es)<\/li>\n<li>pr\u00e9parer les dossiers aupr\u00e8s de la CNIL pour les traitements non exon\u00e9r\u00e9s de formalit\u00e9s par la loi.<\/li>\n<li>r\u00e9diger une politique de protection des donn\u00e9es \u00e0 caract\u00e8re personnel ou une charte, dans le cadre de la diffusion de la loi dans l\u2019entreprise, id\u00e9alement r\u00e9dig\u00e9 et valid\u00e9 par un conseil expert agr\u00e9\u00e9 et r\u00e9f\u00e9renc\u00e9 aupr\u00e8s de la CNIL (de l\u2019utilit\u00e9 du Cabinet d\u2019avocats).<\/li>\n<li>promouvoir, concevoir et animer les actions de formation du personnel de l\u2019organisme.<\/li>\n<li>remettre au responsable de\u00a0traitement le bilan annuel de ses activit\u00e9s et de la politique de protection des donn\u00e9es personnelles mise en \u0153uvre par l\u2019organisme : il explique ce qui a \u00e9t\u00e9 fait et ce qui est pr\u00e9vu pour l\u2019ann\u00e9e suivante. Ce document est en outre mis \u00e0 la disposition de la CNIL.<\/li>\n<\/ul>\n","protected":false},"excerpt":{"rendered":"<p>Un DPO \u2026 Pour quoi faire ? Conform\u00e9ment \u00e0 la loi Informatique et Libert\u00e9s et \u00e0 son d\u00e9cret d\u2019application n\u00b0 2005-1309, les missions principales du DPO sont de : tenir\u00a0un registre des traitements : dans les trois mois suivant sa d\u00e9signation, le correspondant doit dresser, par l\u2019interm\u00e9diaire d\u2019un registre, une liste des traitements automatis\u00e9s pour [&hellip;]<\/p>\n","protected":false},"author":1,"featured_media":0,"parent":0,"menu_order":0,"comment_status":"closed","ping_status":"closed","template":"","meta":{"footnotes":""},"yoast_head":"<!-- This site is optimized with the Yoast SEO plugin v20.4 - https:\/\/yoast.com\/wordpress\/plugins\/seo\/ -->\n<title>Pourquoi d\u00e9signer un DPO ? - Dezavelle<\/title>\n<meta name=\"robots\" content=\"index, follow, max-snippet:-1, max-image-preview:large, max-video-preview:-1\" \/>\n<link rel=\"canonical\" href=\"https:\/\/dezavelle.com\/cabinet-dpo\/pourquoi-designer-un-dpo\/\" \/>\n<meta property=\"og:locale\" content=\"fr_FR\" \/>\n<meta property=\"og:type\" content=\"article\" \/>\n<meta property=\"og:title\" content=\"Pourquoi d\u00e9signer un DPO ? - Dezavelle\" \/>\n<meta property=\"og:description\" content=\"Un DPO \u2026 Pour quoi faire ? Conform\u00e9ment \u00e0 la loi Informatique et Libert\u00e9s et \u00e0 son d\u00e9cret d\u2019application n\u00b0 2005-1309, les missions principales du DPO sont de : tenir\u00a0un registre des traitements : dans les trois mois suivant sa d\u00e9signation, le correspondant doit dresser, par l\u2019interm\u00e9diaire d\u2019un registre, une liste des traitements automatis\u00e9s pour [&hellip;]\" \/>\n<meta property=\"og:url\" content=\"https:\/\/dezavelle.com\/cabinet-dpo\/pourquoi-designer-un-dpo\/\" \/>\n<meta property=\"og:site_name\" content=\"Dezavelle\" \/>\n<meta property=\"article:modified_time\" content=\"2018-08-31T14:33:59+00:00\" \/>\n<meta name=\"twitter:card\" content=\"summary_large_image\" \/>\n<meta name=\"twitter:label1\" content=\"Dur\u00e9e de lecture estim\u00e9e\" \/>\n\t<meta name=\"twitter:data1\" content=\"2 minutes\" \/>\n<script type=\"application\/ld+json\" class=\"yoast-schema-graph\">{\"@context\":\"https:\/\/schema.org\",\"@graph\":[{\"@type\":\"WebPage\",\"@id\":\"https:\/\/dezavelle.com\/cabinet-dpo\/pourquoi-designer-un-dpo\/\",\"url\":\"https:\/\/dezavelle.com\/cabinet-dpo\/pourquoi-designer-un-dpo\/\",\"name\":\"Pourquoi d\u00e9signer un DPO ? - Dezavelle\",\"isPartOf\":{\"@id\":\"https:\/\/dezavelle.com\/cabinet-dpo\/#website\"},\"datePublished\":\"2016-12-14T07:21:24+00:00\",\"dateModified\":\"2018-08-31T14:33:59+00:00\",\"breadcrumb\":{\"@id\":\"https:\/\/dezavelle.com\/cabinet-dpo\/pourquoi-designer-un-dpo\/#breadcrumb\"},\"inLanguage\":\"fr-FR\",\"potentialAction\":[{\"@type\":\"ReadAction\",\"target\":[\"https:\/\/dezavelle.com\/cabinet-dpo\/pourquoi-designer-un-dpo\/\"]}]},{\"@type\":\"BreadcrumbList\",\"@id\":\"https:\/\/dezavelle.com\/cabinet-dpo\/pourquoi-designer-un-dpo\/#breadcrumb\",\"itemListElement\":[{\"@type\":\"ListItem\",\"position\":1,\"name\":\"Accueil\",\"item\":\"https:\/\/dezavelle.com\/cabinet-dpo\/\"},{\"@type\":\"ListItem\",\"position\":2,\"name\":\"Pourquoi d\u00e9signer un DPO ?\"}]},{\"@type\":\"WebSite\",\"@id\":\"https:\/\/dezavelle.com\/cabinet-dpo\/#website\",\"url\":\"https:\/\/dezavelle.com\/cabinet-dpo\/\",\"name\":\"Dezavelle\",\"description\":\"\",\"potentialAction\":[{\"@type\":\"SearchAction\",\"target\":{\"@type\":\"EntryPoint\",\"urlTemplate\":\"https:\/\/dezavelle.com\/cabinet-dpo\/?s={search_term_string}\"},\"query-input\":\"required name=search_term_string\"}],\"inLanguage\":\"fr-FR\"}]}<\/script>\n<!-- \/ Yoast SEO plugin. -->","yoast_head_json":{"title":"Pourquoi d\u00e9signer un DPO ? - Dezavelle","robots":{"index":"index","follow":"follow","max-snippet":"max-snippet:-1","max-image-preview":"max-image-preview:large","max-video-preview":"max-video-preview:-1"},"canonical":"https:\/\/dezavelle.com\/cabinet-dpo\/pourquoi-designer-un-dpo\/","og_locale":"fr_FR","og_type":"article","og_title":"Pourquoi d\u00e9signer un DPO ? - Dezavelle","og_description":"Un DPO \u2026 Pour quoi faire ? Conform\u00e9ment \u00e0 la loi Informatique et Libert\u00e9s et \u00e0 son d\u00e9cret d\u2019application n\u00b0 2005-1309, les missions principales du DPO sont de : tenir\u00a0un registre des traitements : dans les trois mois suivant sa d\u00e9signation, le correspondant doit dresser, par l\u2019interm\u00e9diaire d\u2019un registre, une liste des traitements automatis\u00e9s pour [&hellip;]","og_url":"https:\/\/dezavelle.com\/cabinet-dpo\/pourquoi-designer-un-dpo\/","og_site_name":"Dezavelle","article_modified_time":"2018-08-31T14:33:59+00:00","twitter_card":"summary_large_image","twitter_misc":{"Dur\u00e9e de lecture estim\u00e9e":"2 minutes"},"schema":{"@context":"https:\/\/schema.org","@graph":[{"@type":"WebPage","@id":"https:\/\/dezavelle.com\/cabinet-dpo\/pourquoi-designer-un-dpo\/","url":"https:\/\/dezavelle.com\/cabinet-dpo\/pourquoi-designer-un-dpo\/","name":"Pourquoi d\u00e9signer un DPO ? - Dezavelle","isPartOf":{"@id":"https:\/\/dezavelle.com\/cabinet-dpo\/#website"},"datePublished":"2016-12-14T07:21:24+00:00","dateModified":"2018-08-31T14:33:59+00:00","breadcrumb":{"@id":"https:\/\/dezavelle.com\/cabinet-dpo\/pourquoi-designer-un-dpo\/#breadcrumb"},"inLanguage":"fr-FR","potentialAction":[{"@type":"ReadAction","target":["https:\/\/dezavelle.com\/cabinet-dpo\/pourquoi-designer-un-dpo\/"]}]},{"@type":"BreadcrumbList","@id":"https:\/\/dezavelle.com\/cabinet-dpo\/pourquoi-designer-un-dpo\/#breadcrumb","itemListElement":[{"@type":"ListItem","position":1,"name":"Accueil","item":"https:\/\/dezavelle.com\/cabinet-dpo\/"},{"@type":"ListItem","position":2,"name":"Pourquoi d\u00e9signer un DPO ?"}]},{"@type":"WebSite","@id":"https:\/\/dezavelle.com\/cabinet-dpo\/#website","url":"https:\/\/dezavelle.com\/cabinet-dpo\/","name":"Dezavelle","description":"","potentialAction":[{"@type":"SearchAction","target":{"@type":"EntryPoint","urlTemplate":"https:\/\/dezavelle.com\/cabinet-dpo\/?s={search_term_string}"},"query-input":"required name=search_term_string"}],"inLanguage":"fr-FR"}]}},"_links":{"self":[{"href":"https:\/\/dezavelle.com\/cabinet-dpo\/wp-json\/wp\/v2\/pages\/95"}],"collection":[{"href":"https:\/\/dezavelle.com\/cabinet-dpo\/wp-json\/wp\/v2\/pages"}],"about":[{"href":"https:\/\/dezavelle.com\/cabinet-dpo\/wp-json\/wp\/v2\/types\/page"}],"author":[{"embeddable":true,"href":"https:\/\/dezavelle.com\/cabinet-dpo\/wp-json\/wp\/v2\/users\/1"}],"replies":[{"embeddable":true,"href":"https:\/\/dezavelle.com\/cabinet-dpo\/wp-json\/wp\/v2\/comments?post=95"}],"version-history":[{"count":6,"href":"https:\/\/dezavelle.com\/cabinet-dpo\/wp-json\/wp\/v2\/pages\/95\/revisions"}],"predecessor-version":[{"id":996,"href":"https:\/\/dezavelle.com\/cabinet-dpo\/wp-json\/wp\/v2\/pages\/95\/revisions\/996"}],"wp:attachment":[{"href":"https:\/\/dezavelle.com\/cabinet-dpo\/wp-json\/wp\/v2\/media?parent=95"}],"curies":[{"name":"wp","href":"https:\/\/api.w.org\/{rel}","templated":true}]}}