{"id":88,"date":"2016-12-14T08:18:51","date_gmt":"2016-12-14T07:18:51","guid":{"rendered":"http:\/\/dezavelle.com\/cabinet-dpo\/?page_id=88"},"modified":"2017-07-23T19:30:32","modified_gmt":"2017-07-23T17:30:32","slug":"competences-transversales","status":"publish","type":"page","link":"https:\/\/dezavelle.com\/cabinet-dpo\/competences-transversales\/","title":{"rendered":"Comp\u00e9tences transversales"},"content":{"rendered":"<p>Afin de r\u00e9pondre au mieux aux entreprises TPE-PME et aux professions lib\u00e9rales, DPO-Avocats s&rsquo;appuie sur un partenariat avec DPO EXPERT, permettant ainsi de mieux r\u00e9pondre aux besoins de ses clients.<\/p>\n<p>DPO EXPERT, ce sont :<\/p>\n<ul>\n<li>Un organisme de formation DPO LEARNING, dont la mission principale est la sensibilisation et la formation des responsables de traitements et de leurs \u00e9quipes. DPO LEARNING accompagne \u00e9galement les CIL\/DPO nouvellement nomm\u00e9 avec un programme de formation adapt\u00e9 au m\u00e9tier de l&rsquo;entreprise.<\/li>\n<li>Un cabinet de conseil et d&rsquo;audit DPO CONSEIL, en charge des audits de conformit\u00e9 et des audits de s\u00e9curit\u00e9 informatique. DPO CONSEIL intervient \u00e9galement aupr\u00e8s des dirigeants en qualit\u00e9 de Conseil en Strat\u00e9gie, mis \u00e9galement aupr\u00e8s des DRH pour les assister dans le recrutement d&rsquo;un DPO;<\/li>\n<li>Une \u00e9quipe d&rsquo;experts informatique DPO SECURITY, en charge de la s\u00e9curisation physique du syst\u00e8me d&rsquo;information de l&rsquo;entreprise.<\/li>\n<\/ul>\n<p>DPO EXPERT est compos\u00e9 d&rsquo;une \u00e9quipe pluridisciplinaire, reconnus, connaissant parfaitement le monde de l&rsquo;entreprise et des PME (dont ils sont issus). Ils sont experts dans des domaines aussi vari\u00e9s que la s\u00e9curit\u00e9 informatique, la e-sant\u00e9, les professions du droit et du chiffre, les services \u00e0 la personne, etc.<\/p>\n","protected":false},"excerpt":{"rendered":"<p>Afin de r\u00e9pondre au mieux aux entreprises TPE-PME et aux professions lib\u00e9rales, DPO-Avocats s&rsquo;appuie sur un partenariat avec DPO EXPERT, permettant ainsi de mieux r\u00e9pondre aux besoins de ses clients. DPO EXPERT, ce sont : Un organisme de formation DPO LEARNING, dont la mission principale est la sensibilisation et la formation des responsables de traitements [&hellip;]<\/p>\n","protected":false},"author":1,"featured_media":0,"parent":0,"menu_order":0,"comment_status":"closed","ping_status":"closed","template":"","meta":{"footnotes":""},"yoast_head":"<!-- This site is optimized with the Yoast SEO plugin v20.4 - https:\/\/yoast.com\/wordpress\/plugins\/seo\/ -->\n<title>Comp\u00e9tences transversales - Dezavelle<\/title>\n<meta name=\"robots\" content=\"index, follow, max-snippet:-1, max-image-preview:large, max-video-preview:-1\" \/>\n<link rel=\"canonical\" href=\"https:\/\/dezavelle.com\/cabinet-dpo\/competences-transversales\/\" \/>\n<meta property=\"og:locale\" content=\"fr_FR\" \/>\n<meta property=\"og:type\" content=\"article\" \/>\n<meta property=\"og:title\" content=\"Comp\u00e9tences transversales - Dezavelle\" \/>\n<meta property=\"og:description\" content=\"Afin de r\u00e9pondre au mieux aux entreprises TPE-PME et aux professions lib\u00e9rales, DPO-Avocats s&rsquo;appuie sur un partenariat avec DPO EXPERT, permettant ainsi de mieux r\u00e9pondre aux besoins de ses clients. DPO EXPERT, ce sont : Un organisme de formation DPO LEARNING, dont la mission principale est la sensibilisation et la formation des responsables de traitements [&hellip;]\" \/>\n<meta property=\"og:url\" content=\"https:\/\/dezavelle.com\/cabinet-dpo\/competences-transversales\/\" \/>\n<meta property=\"og:site_name\" content=\"Dezavelle\" \/>\n<meta property=\"article:modified_time\" content=\"2017-07-23T17:30:32+00:00\" \/>\n<meta name=\"twitter:card\" content=\"summary_large_image\" \/>\n<meta name=\"twitter:label1\" content=\"Dur\u00e9e de lecture estim\u00e9e\" \/>\n\t<meta name=\"twitter:data1\" content=\"1 minute\" \/>\n<script type=\"application\/ld+json\" class=\"yoast-schema-graph\">{\"@context\":\"https:\/\/schema.org\",\"@graph\":[{\"@type\":\"WebPage\",\"@id\":\"https:\/\/dezavelle.com\/cabinet-dpo\/competences-transversales\/\",\"url\":\"https:\/\/dezavelle.com\/cabinet-dpo\/competences-transversales\/\",\"name\":\"Comp\u00e9tences transversales - Dezavelle\",\"isPartOf\":{\"@id\":\"https:\/\/dezavelle.com\/cabinet-dpo\/#website\"},\"datePublished\":\"2016-12-14T07:18:51+00:00\",\"dateModified\":\"2017-07-23T17:30:32+00:00\",\"breadcrumb\":{\"@id\":\"https:\/\/dezavelle.com\/cabinet-dpo\/competences-transversales\/#breadcrumb\"},\"inLanguage\":\"fr-FR\",\"potentialAction\":[{\"@type\":\"ReadAction\",\"target\":[\"https:\/\/dezavelle.com\/cabinet-dpo\/competences-transversales\/\"]}]},{\"@type\":\"BreadcrumbList\",\"@id\":\"https:\/\/dezavelle.com\/cabinet-dpo\/competences-transversales\/#breadcrumb\",\"itemListElement\":[{\"@type\":\"ListItem\",\"position\":1,\"name\":\"Accueil\",\"item\":\"https:\/\/dezavelle.com\/cabinet-dpo\/\"},{\"@type\":\"ListItem\",\"position\":2,\"name\":\"Comp\u00e9tences transversales\"}]},{\"@type\":\"WebSite\",\"@id\":\"https:\/\/dezavelle.com\/cabinet-dpo\/#website\",\"url\":\"https:\/\/dezavelle.com\/cabinet-dpo\/\",\"name\":\"Dezavelle\",\"description\":\"\",\"potentialAction\":[{\"@type\":\"SearchAction\",\"target\":{\"@type\":\"EntryPoint\",\"urlTemplate\":\"https:\/\/dezavelle.com\/cabinet-dpo\/?s={search_term_string}\"},\"query-input\":\"required name=search_term_string\"}],\"inLanguage\":\"fr-FR\"}]}<\/script>\n<!-- \/ Yoast SEO plugin. -->","yoast_head_json":{"title":"Comp\u00e9tences transversales - Dezavelle","robots":{"index":"index","follow":"follow","max-snippet":"max-snippet:-1","max-image-preview":"max-image-preview:large","max-video-preview":"max-video-preview:-1"},"canonical":"https:\/\/dezavelle.com\/cabinet-dpo\/competences-transversales\/","og_locale":"fr_FR","og_type":"article","og_title":"Comp\u00e9tences transversales - Dezavelle","og_description":"Afin de r\u00e9pondre au mieux aux entreprises TPE-PME et aux professions lib\u00e9rales, DPO-Avocats s&rsquo;appuie sur un partenariat avec DPO EXPERT, permettant ainsi de mieux r\u00e9pondre aux besoins de ses clients. DPO EXPERT, ce sont : Un organisme de formation DPO LEARNING, dont la mission principale est la sensibilisation et la formation des responsables de traitements [&hellip;]","og_url":"https:\/\/dezavelle.com\/cabinet-dpo\/competences-transversales\/","og_site_name":"Dezavelle","article_modified_time":"2017-07-23T17:30:32+00:00","twitter_card":"summary_large_image","twitter_misc":{"Dur\u00e9e de lecture estim\u00e9e":"1 minute"},"schema":{"@context":"https:\/\/schema.org","@graph":[{"@type":"WebPage","@id":"https:\/\/dezavelle.com\/cabinet-dpo\/competences-transversales\/","url":"https:\/\/dezavelle.com\/cabinet-dpo\/competences-transversales\/","name":"Comp\u00e9tences transversales - Dezavelle","isPartOf":{"@id":"https:\/\/dezavelle.com\/cabinet-dpo\/#website"},"datePublished":"2016-12-14T07:18:51+00:00","dateModified":"2017-07-23T17:30:32+00:00","breadcrumb":{"@id":"https:\/\/dezavelle.com\/cabinet-dpo\/competences-transversales\/#breadcrumb"},"inLanguage":"fr-FR","potentialAction":[{"@type":"ReadAction","target":["https:\/\/dezavelle.com\/cabinet-dpo\/competences-transversales\/"]}]},{"@type":"BreadcrumbList","@id":"https:\/\/dezavelle.com\/cabinet-dpo\/competences-transversales\/#breadcrumb","itemListElement":[{"@type":"ListItem","position":1,"name":"Accueil","item":"https:\/\/dezavelle.com\/cabinet-dpo\/"},{"@type":"ListItem","position":2,"name":"Comp\u00e9tences transversales"}]},{"@type":"WebSite","@id":"https:\/\/dezavelle.com\/cabinet-dpo\/#website","url":"https:\/\/dezavelle.com\/cabinet-dpo\/","name":"Dezavelle","description":"","potentialAction":[{"@type":"SearchAction","target":{"@type":"EntryPoint","urlTemplate":"https:\/\/dezavelle.com\/cabinet-dpo\/?s={search_term_string}"},"query-input":"required name=search_term_string"}],"inLanguage":"fr-FR"}]}},"_links":{"self":[{"href":"https:\/\/dezavelle.com\/cabinet-dpo\/wp-json\/wp\/v2\/pages\/88"}],"collection":[{"href":"https:\/\/dezavelle.com\/cabinet-dpo\/wp-json\/wp\/v2\/pages"}],"about":[{"href":"https:\/\/dezavelle.com\/cabinet-dpo\/wp-json\/wp\/v2\/types\/page"}],"author":[{"embeddable":true,"href":"https:\/\/dezavelle.com\/cabinet-dpo\/wp-json\/wp\/v2\/users\/1"}],"replies":[{"embeddable":true,"href":"https:\/\/dezavelle.com\/cabinet-dpo\/wp-json\/wp\/v2\/comments?post=88"}],"version-history":[{"count":4,"href":"https:\/\/dezavelle.com\/cabinet-dpo\/wp-json\/wp\/v2\/pages\/88\/revisions"}],"predecessor-version":[{"id":800,"href":"https:\/\/dezavelle.com\/cabinet-dpo\/wp-json\/wp\/v2\/pages\/88\/revisions\/800"}],"wp:attachment":[{"href":"https:\/\/dezavelle.com\/cabinet-dpo\/wp-json\/wp\/v2\/media?parent=88"}],"curies":[{"name":"wp","href":"https:\/\/api.w.org\/{rel}","templated":true}]}}