{"id":86,"date":"2016-12-14T08:18:20","date_gmt":"2016-12-14T07:18:20","guid":{"rendered":"http:\/\/dezavelle.com\/cabinet-dpo\/?page_id=86"},"modified":"2018-02-04T19:22:18","modified_gmt":"2018-02-04T18:22:18","slug":"domaines-dexpertise","status":"publish","type":"page","link":"https:\/\/dezavelle.com\/cabinet-dpo\/domaines-dexpertise\/","title":{"rendered":"Domaines d&rsquo;expertise"},"content":{"rendered":"<p>Le service Informatique et Libert\u00e9s du Cabinet D\u00e9zavelle-Livowsky et associ\u00e9s &#8211; DPO-AVOCATS est sp\u00e9cialis\u00e9 dans le domaine de la protection des donn\u00e9es et est d\u00e9j\u00e0 CIL ou conseil de nombreuses entit\u00e9s, notamment dans le secteur de la sant\u00e9, des entreprises de services \u00e0 la personne, mais aussi dans les banques, assurances, cabinets m\u00e9dicaux, milieu hospitalier, enseignement ou m\u00eame au sein d\u2019autres cabinets d\u2019avocats.<\/p>\n<p>Les clients de DPO-AVOCATS sont ainsi trait\u00e9s conjointement par des avocats ayant perfectionn\u00e9 leur expertise juridique par des formations orient\u00e9es en protection des donn\u00e9es personnelles, mais aussi par des informaticiens-experts en s\u00e9curit\u00e9 reconnus par la profession.<\/p>\n<p>La partie relative \u00e0 la s\u00e9curit\u00e9 des donn\u00e9es et des syst\u00e8mes d\u2019information, ainsi que tout ce qui touche aux syst\u00e8mes d\u2019informations et de nouvelles technologies est assur\u00e9e par un expert reconnu qui est :<\/p>\n<ul>\n<li>Laur\u00e9at du 7\u00e8me Concours National de l\u2019OSEO-ANVAR (2006)<\/li>\n<li>Laur\u00e9at &amp; 1er Grand Prix de l&rsquo;Innovation des Assises de la S\u00e9curit\u00e9 Informatique (2007)<\/li>\n<\/ul>\n<p>Jean Michel Livowsky a obtenu la certification europ\u00e9enne GDPR d\u00e9livr\u00e9e par l&rsquo;Universit\u00e9 de Groningen (Pays Bas) le 28 d\u00e9cembre 2017.<\/p>\n<p><img loading=\"lazy\" decoding=\"async\" class=\"size-medium wp-image-915 aligncenter\" src=\"https:\/\/dezavelle.com\/cabinet-dpo\/wp-content\/uploads\/2018\/02\/PastedGraphic-5-300x42.png\" alt=\"\" width=\"300\" height=\"42\" srcset=\"https:\/\/dezavelle.com\/cabinet-dpo\/wp-content\/uploads\/2018\/02\/PastedGraphic-5-300x42.png 300w, https:\/\/dezavelle.com\/cabinet-dpo\/wp-content\/uploads\/2018\/02\/PastedGraphic-5.png 472w\" sizes=\"(max-width: 300px) 100vw, 300px\" \/><\/p>\n<p><strong>Une expertise reconnue dans la profession<\/strong><br \/>\nLe service Informatique et Libert\u00e9s du Cabinet D\u00e9zavelle-Livowsky (DPO-AVOCATS) est \u00e9galement membre actif des principales associations professionnelles nationales et internationales du secteur, tant en informatique qu\u2019en droit sp\u00e9cialis\u00e9.<\/p>\n<ul>\n<li>AFCDP : Association Fran\u00e7aise des Correspondants \u00e0 la Protection des Donn\u00e9es \u00e0 Caract\u00e8re Personnel<\/li>\n<li>AFDIT : Association Fran\u00e7aise de Droit de l\u2019Informatique et de la T\u00e9l\u00e9communication<\/li>\n<li>IAPP : International Association of Privacy Professionals<\/li>\n<li>IFCLA : International Federation of Computer Law Associations<\/li>\n<li>IEEE : Institute of Electrical and Electronics Engineers<\/li>\n<\/ul>\n<p>Notre adh\u00e9sion a\u00a0ces associations nationales et internationales garantit la qualit\u00e9 de la veille technologique et juridique relay\u00e9es par le Cabinet aupr\u00e8s de ses clients.<\/p>\n","protected":false},"excerpt":{"rendered":"<p>Le service Informatique et Libert\u00e9s du Cabinet D\u00e9zavelle-Livowsky et associ\u00e9s &#8211; DPO-AVOCATS est sp\u00e9cialis\u00e9 dans le domaine de la protection des donn\u00e9es et est d\u00e9j\u00e0 CIL ou conseil de nombreuses entit\u00e9s, notamment dans le secteur de la sant\u00e9, des entreprises de services \u00e0 la personne, mais aussi dans les banques, assurances, cabinets m\u00e9dicaux, milieu hospitalier, [&hellip;]<\/p>\n","protected":false},"author":1,"featured_media":0,"parent":0,"menu_order":0,"comment_status":"closed","ping_status":"closed","template":"","meta":{"footnotes":""},"yoast_head":"<!-- This site is optimized with the Yoast SEO plugin v20.4 - https:\/\/yoast.com\/wordpress\/plugins\/seo\/ -->\n<title>Domaines d&#039;expertise - Dezavelle<\/title>\n<meta name=\"robots\" content=\"index, follow, max-snippet:-1, max-image-preview:large, max-video-preview:-1\" \/>\n<link rel=\"canonical\" href=\"https:\/\/dezavelle.com\/cabinet-dpo\/domaines-dexpertise\/\" \/>\n<meta property=\"og:locale\" content=\"fr_FR\" \/>\n<meta property=\"og:type\" content=\"article\" \/>\n<meta property=\"og:title\" content=\"Domaines d&#039;expertise - Dezavelle\" \/>\n<meta property=\"og:description\" content=\"Le service Informatique et Libert\u00e9s du Cabinet D\u00e9zavelle-Livowsky et associ\u00e9s &#8211; DPO-AVOCATS est sp\u00e9cialis\u00e9 dans le domaine de la protection des donn\u00e9es et est d\u00e9j\u00e0 CIL ou conseil de nombreuses entit\u00e9s, notamment dans le secteur de la sant\u00e9, des entreprises de services \u00e0 la personne, mais aussi dans les banques, assurances, cabinets m\u00e9dicaux, milieu hospitalier, [&hellip;]\" \/>\n<meta property=\"og:url\" content=\"https:\/\/dezavelle.com\/cabinet-dpo\/domaines-dexpertise\/\" \/>\n<meta property=\"og:site_name\" content=\"Dezavelle\" \/>\n<meta property=\"article:modified_time\" content=\"2018-02-04T18:22:18+00:00\" \/>\n<meta property=\"og:image\" content=\"https:\/\/dezavelle.com\/cabinet-dpo\/wp-content\/uploads\/2018\/02\/PastedGraphic-5-300x42.png\" \/>\n<meta name=\"twitter:card\" content=\"summary_large_image\" \/>\n<meta name=\"twitter:label1\" content=\"Dur\u00e9e de lecture estim\u00e9e\" \/>\n\t<meta name=\"twitter:data1\" content=\"2 minutes\" \/>\n<script type=\"application\/ld+json\" class=\"yoast-schema-graph\">{\"@context\":\"https:\/\/schema.org\",\"@graph\":[{\"@type\":\"WebPage\",\"@id\":\"https:\/\/dezavelle.com\/cabinet-dpo\/domaines-dexpertise\/\",\"url\":\"https:\/\/dezavelle.com\/cabinet-dpo\/domaines-dexpertise\/\",\"name\":\"Domaines d'expertise - Dezavelle\",\"isPartOf\":{\"@id\":\"https:\/\/dezavelle.com\/cabinet-dpo\/#website\"},\"datePublished\":\"2016-12-14T07:18:20+00:00\",\"dateModified\":\"2018-02-04T18:22:18+00:00\",\"breadcrumb\":{\"@id\":\"https:\/\/dezavelle.com\/cabinet-dpo\/domaines-dexpertise\/#breadcrumb\"},\"inLanguage\":\"fr-FR\",\"potentialAction\":[{\"@type\":\"ReadAction\",\"target\":[\"https:\/\/dezavelle.com\/cabinet-dpo\/domaines-dexpertise\/\"]}]},{\"@type\":\"BreadcrumbList\",\"@id\":\"https:\/\/dezavelle.com\/cabinet-dpo\/domaines-dexpertise\/#breadcrumb\",\"itemListElement\":[{\"@type\":\"ListItem\",\"position\":1,\"name\":\"Accueil\",\"item\":\"https:\/\/dezavelle.com\/cabinet-dpo\/\"},{\"@type\":\"ListItem\",\"position\":2,\"name\":\"Domaines d&rsquo;expertise\"}]},{\"@type\":\"WebSite\",\"@id\":\"https:\/\/dezavelle.com\/cabinet-dpo\/#website\",\"url\":\"https:\/\/dezavelle.com\/cabinet-dpo\/\",\"name\":\"Dezavelle\",\"description\":\"\",\"potentialAction\":[{\"@type\":\"SearchAction\",\"target\":{\"@type\":\"EntryPoint\",\"urlTemplate\":\"https:\/\/dezavelle.com\/cabinet-dpo\/?s={search_term_string}\"},\"query-input\":\"required name=search_term_string\"}],\"inLanguage\":\"fr-FR\"}]}<\/script>\n<!-- \/ Yoast SEO plugin. -->","yoast_head_json":{"title":"Domaines d'expertise - Dezavelle","robots":{"index":"index","follow":"follow","max-snippet":"max-snippet:-1","max-image-preview":"max-image-preview:large","max-video-preview":"max-video-preview:-1"},"canonical":"https:\/\/dezavelle.com\/cabinet-dpo\/domaines-dexpertise\/","og_locale":"fr_FR","og_type":"article","og_title":"Domaines d'expertise - Dezavelle","og_description":"Le service Informatique et Libert\u00e9s du Cabinet D\u00e9zavelle-Livowsky et associ\u00e9s &#8211; DPO-AVOCATS est sp\u00e9cialis\u00e9 dans le domaine de la protection des donn\u00e9es et est d\u00e9j\u00e0 CIL ou conseil de nombreuses entit\u00e9s, notamment dans le secteur de la sant\u00e9, des entreprises de services \u00e0 la personne, mais aussi dans les banques, assurances, cabinets m\u00e9dicaux, milieu hospitalier, [&hellip;]","og_url":"https:\/\/dezavelle.com\/cabinet-dpo\/domaines-dexpertise\/","og_site_name":"Dezavelle","article_modified_time":"2018-02-04T18:22:18+00:00","og_image":[{"url":"https:\/\/dezavelle.com\/cabinet-dpo\/wp-content\/uploads\/2018\/02\/PastedGraphic-5-300x42.png"}],"twitter_card":"summary_large_image","twitter_misc":{"Dur\u00e9e de lecture estim\u00e9e":"2 minutes"},"schema":{"@context":"https:\/\/schema.org","@graph":[{"@type":"WebPage","@id":"https:\/\/dezavelle.com\/cabinet-dpo\/domaines-dexpertise\/","url":"https:\/\/dezavelle.com\/cabinet-dpo\/domaines-dexpertise\/","name":"Domaines d'expertise - Dezavelle","isPartOf":{"@id":"https:\/\/dezavelle.com\/cabinet-dpo\/#website"},"datePublished":"2016-12-14T07:18:20+00:00","dateModified":"2018-02-04T18:22:18+00:00","breadcrumb":{"@id":"https:\/\/dezavelle.com\/cabinet-dpo\/domaines-dexpertise\/#breadcrumb"},"inLanguage":"fr-FR","potentialAction":[{"@type":"ReadAction","target":["https:\/\/dezavelle.com\/cabinet-dpo\/domaines-dexpertise\/"]}]},{"@type":"BreadcrumbList","@id":"https:\/\/dezavelle.com\/cabinet-dpo\/domaines-dexpertise\/#breadcrumb","itemListElement":[{"@type":"ListItem","position":1,"name":"Accueil","item":"https:\/\/dezavelle.com\/cabinet-dpo\/"},{"@type":"ListItem","position":2,"name":"Domaines d&rsquo;expertise"}]},{"@type":"WebSite","@id":"https:\/\/dezavelle.com\/cabinet-dpo\/#website","url":"https:\/\/dezavelle.com\/cabinet-dpo\/","name":"Dezavelle","description":"","potentialAction":[{"@type":"SearchAction","target":{"@type":"EntryPoint","urlTemplate":"https:\/\/dezavelle.com\/cabinet-dpo\/?s={search_term_string}"},"query-input":"required name=search_term_string"}],"inLanguage":"fr-FR"}]}},"_links":{"self":[{"href":"https:\/\/dezavelle.com\/cabinet-dpo\/wp-json\/wp\/v2\/pages\/86"}],"collection":[{"href":"https:\/\/dezavelle.com\/cabinet-dpo\/wp-json\/wp\/v2\/pages"}],"about":[{"href":"https:\/\/dezavelle.com\/cabinet-dpo\/wp-json\/wp\/v2\/types\/page"}],"author":[{"embeddable":true,"href":"https:\/\/dezavelle.com\/cabinet-dpo\/wp-json\/wp\/v2\/users\/1"}],"replies":[{"embeddable":true,"href":"https:\/\/dezavelle.com\/cabinet-dpo\/wp-json\/wp\/v2\/comments?post=86"}],"version-history":[{"count":7,"href":"https:\/\/dezavelle.com\/cabinet-dpo\/wp-json\/wp\/v2\/pages\/86\/revisions"}],"predecessor-version":[{"id":922,"href":"https:\/\/dezavelle.com\/cabinet-dpo\/wp-json\/wp\/v2\/pages\/86\/revisions\/922"}],"wp:attachment":[{"href":"https:\/\/dezavelle.com\/cabinet-dpo\/wp-json\/wp\/v2\/media?parent=86"}],"curies":[{"name":"wp","href":"https:\/\/api.w.org\/{rel}","templated":true}]}}