{"id":250,"date":"2016-12-15T16:14:16","date_gmt":"2016-12-15T15:14:16","guid":{"rendered":"http:\/\/dezavelle.com\/cabinet-dpo\/?page_id=250"},"modified":"2016-12-20T17:43:53","modified_gmt":"2016-12-20T16:43:53","slug":"offres-demploi","status":"publish","type":"page","link":"https:\/\/dezavelle.com\/cabinet-dpo\/offres-demploi\/","title":{"rendered":"Offres d&#8217;emploi"},"content":{"rendered":"<p>Vous disposez de comp\u00e9tence en mati\u00e8re de protection des donn\u00e9es ? Vous \u00eates juriste et avez valid\u00e9 une sp\u00e9cialisation Informatique et libert\u00e9 ? Vous justifiez d&rsquo;une solide exp\u00e9rience en mati\u00e8re de s\u00e9curit\u00e9 des syst\u00e8mes informatiques ?<br \/>\nVous souhaitez devenir CIL externe ?<\/p>\n<p>Vous \u00eates \u00e0 la recherche d&rsquo;un contrat de travail ? de missions en free-lance ?<\/p>\n<p>DPO-Avocats est constamment en recherche de nouveaux talents, pour int\u00e9grer ses \u00e9quipe ou celles de ses clients.<br \/>\nN&rsquo;h\u00e9sitez pas \u00e0 nous adresser votre candidature spontan\u00e9e et votre CV par mail <a href=\"mailto:cil@dezavelle.com\">cil@dezavelle.com<\/a>  <\/p>\n<ul class=\"lcp_catlist\" id=\"lcp_instance_0\"><li><h1 class=\"lcp_title\"><a href=\"https:\/\/dezavelle.com\/cabinet-dpo\/stage-juriste-protection-donnees\/\">Offres de Stage \u2013 Juriste \/ Protection des Donn\u00e9es (H\/F)<\/a><\/h1><div class=\"short-content\">Cabinet d\u2019avocats sp\u00e9cialis\u00e9 Informatique et Libert\u00e9s et dans la protection des donn\u00e9es \u00e0 caract\u00e8re personnel, DPO-AVOCATS intervient en qualit\u00e9 de CIL EXTERNE aupr\u00e8s de nombreux clients et de CIL EXTERNE MUTUALISE aupr\u00e8s des entreprises de services \u00e0 la personne adh\u00e9rentes du SESP et de la FESP.\nVous souhaitez d\u00e9couvrir un m\u00e9tier d\u2019avenir, au sein d\u2019une \u00e9quipe ...<\/div><a href=\"https:\/\/dezavelle.com\/cabinet-dpo\/stage-juriste-protection-donnees\/\" class=\"bttn\">En savoir plus<\/a><\/li><li><h1 class=\"lcp_title\"><a href=\"https:\/\/dezavelle.com\/cabinet-dpo\/avocats-protection-donnees-personnelles\/\">Avocats en protection des donn\u00e9es personnelles (H\/F)<\/a><\/h1><div class=\"short-content\">Cabinet d\u2019avocats sp\u00e9cialis\u00e9 Informatique et Libert\u00e9s et dans la protection des donn\u00e9es \u00e0 caract\u00e8re personnel, DPO-AVOCATS intervient en qualit\u00e9 de CIL EXTERNE aupr\u00e8s de nombreux clients et de CIL EXTERNE MUTUALISE aupr\u00e8s des entreprises de services \u00e0 la personne adh\u00e9rentes du SESP et de la FESP.\nDans le cadre de son d\u00e9veloppement, et afin d\u2019\u00e9toffer son ...<\/div><a href=\"https:\/\/dezavelle.com\/cabinet-dpo\/avocats-protection-donnees-personnelles\/\" class=\"bttn\">En savoir plus<\/a><\/li><\/ul><ul class='lcp_paginator'><li class='lcp_currentpage'>1<\/li><li><a href='https:\/\/dezavelle.com\/cabinet-dpo\/wp-json\/wp\/v2\/pages\/250?lcp_page0=2#lcp_instance_0' title='2'>2<\/a><\/li><li><a href='https:\/\/dezavelle.com\/cabinet-dpo\/wp-json\/wp\/v2\/pages\/250?lcp_page0=2#lcp_instance_0' title='2' class='lcp_nextlink'>&gt;&gt;<\/a><\/li><\/ul>\n","protected":false},"excerpt":{"rendered":"<p>Vous disposez de comp\u00e9tence en mati\u00e8re de protection des donn\u00e9es ? Vous \u00eates juriste et avez valid\u00e9 une sp\u00e9cialisation Informatique et libert\u00e9 ? Vous justifiez d&rsquo;une solide exp\u00e9rience en mati\u00e8re de s\u00e9curit\u00e9 des syst\u00e8mes informatiques ? Vous souhaitez devenir CIL externe ? Vous \u00eates \u00e0 la recherche d&rsquo;un contrat de travail ? de missions en [&hellip;]<\/p>\n","protected":false},"author":1,"featured_media":0,"parent":0,"menu_order":0,"comment_status":"closed","ping_status":"closed","template":"","meta":{"footnotes":""},"yoast_head":"<!-- This site is optimized with the Yoast SEO plugin v20.4 - https:\/\/yoast.com\/wordpress\/plugins\/seo\/ -->\n<title>Offres d&#039;emploi - Dezavelle<\/title>\n<meta name=\"robots\" content=\"index, follow, max-snippet:-1, max-image-preview:large, max-video-preview:-1\" \/>\n<link rel=\"canonical\" href=\"https:\/\/dezavelle.com\/cabinet-dpo\/offres-demploi\/\" \/>\n<meta property=\"og:locale\" content=\"fr_FR\" \/>\n<meta property=\"og:type\" content=\"article\" \/>\n<meta property=\"og:title\" content=\"Offres d&#039;emploi - Dezavelle\" \/>\n<meta property=\"og:description\" content=\"Vous disposez de comp\u00e9tence en mati\u00e8re de protection des donn\u00e9es ? Vous \u00eates juriste et avez valid\u00e9 une sp\u00e9cialisation Informatique et libert\u00e9 ? Vous justifiez d&rsquo;une solide exp\u00e9rience en mati\u00e8re de s\u00e9curit\u00e9 des syst\u00e8mes informatiques ? Vous souhaitez devenir CIL externe ? Vous \u00eates \u00e0 la recherche d&rsquo;un contrat de travail ? de missions en [&hellip;]\" \/>\n<meta property=\"og:url\" content=\"https:\/\/dezavelle.com\/cabinet-dpo\/offres-demploi\/\" \/>\n<meta property=\"og:site_name\" content=\"Dezavelle\" \/>\n<meta property=\"article:modified_time\" content=\"2016-12-20T16:43:53+00:00\" \/>\n<meta name=\"twitter:card\" content=\"summary_large_image\" \/>\n<meta name=\"twitter:label1\" content=\"Dur\u00e9e de lecture estim\u00e9e\" \/>\n\t<meta name=\"twitter:data1\" content=\"1 minute\" \/>\n<script type=\"application\/ld+json\" class=\"yoast-schema-graph\">{\"@context\":\"https:\/\/schema.org\",\"@graph\":[{\"@type\":\"WebPage\",\"@id\":\"https:\/\/dezavelle.com\/cabinet-dpo\/offres-demploi\/\",\"url\":\"https:\/\/dezavelle.com\/cabinet-dpo\/offres-demploi\/\",\"name\":\"Offres d'emploi - Dezavelle\",\"isPartOf\":{\"@id\":\"https:\/\/dezavelle.com\/cabinet-dpo\/#website\"},\"datePublished\":\"2016-12-15T15:14:16+00:00\",\"dateModified\":\"2016-12-20T16:43:53+00:00\",\"breadcrumb\":{\"@id\":\"https:\/\/dezavelle.com\/cabinet-dpo\/offres-demploi\/#breadcrumb\"},\"inLanguage\":\"fr-FR\",\"potentialAction\":[{\"@type\":\"ReadAction\",\"target\":[\"https:\/\/dezavelle.com\/cabinet-dpo\/offres-demploi\/\"]}]},{\"@type\":\"BreadcrumbList\",\"@id\":\"https:\/\/dezavelle.com\/cabinet-dpo\/offres-demploi\/#breadcrumb\",\"itemListElement\":[{\"@type\":\"ListItem\",\"position\":1,\"name\":\"Accueil\",\"item\":\"https:\/\/dezavelle.com\/cabinet-dpo\/\"},{\"@type\":\"ListItem\",\"position\":2,\"name\":\"Offres d&#8217;emploi\"}]},{\"@type\":\"WebSite\",\"@id\":\"https:\/\/dezavelle.com\/cabinet-dpo\/#website\",\"url\":\"https:\/\/dezavelle.com\/cabinet-dpo\/\",\"name\":\"Dezavelle\",\"description\":\"\",\"potentialAction\":[{\"@type\":\"SearchAction\",\"target\":{\"@type\":\"EntryPoint\",\"urlTemplate\":\"https:\/\/dezavelle.com\/cabinet-dpo\/?s={search_term_string}\"},\"query-input\":\"required name=search_term_string\"}],\"inLanguage\":\"fr-FR\"}]}<\/script>\n<!-- \/ Yoast SEO plugin. -->","yoast_head_json":{"title":"Offres d'emploi - Dezavelle","robots":{"index":"index","follow":"follow","max-snippet":"max-snippet:-1","max-image-preview":"max-image-preview:large","max-video-preview":"max-video-preview:-1"},"canonical":"https:\/\/dezavelle.com\/cabinet-dpo\/offres-demploi\/","og_locale":"fr_FR","og_type":"article","og_title":"Offres d'emploi - Dezavelle","og_description":"Vous disposez de comp\u00e9tence en mati\u00e8re de protection des donn\u00e9es ? Vous \u00eates juriste et avez valid\u00e9 une sp\u00e9cialisation Informatique et libert\u00e9 ? Vous justifiez d&rsquo;une solide exp\u00e9rience en mati\u00e8re de s\u00e9curit\u00e9 des syst\u00e8mes informatiques ? Vous souhaitez devenir CIL externe ? Vous \u00eates \u00e0 la recherche d&rsquo;un contrat de travail ? de missions en [&hellip;]","og_url":"https:\/\/dezavelle.com\/cabinet-dpo\/offres-demploi\/","og_site_name":"Dezavelle","article_modified_time":"2016-12-20T16:43:53+00:00","twitter_card":"summary_large_image","twitter_misc":{"Dur\u00e9e de lecture estim\u00e9e":"1 minute"},"schema":{"@context":"https:\/\/schema.org","@graph":[{"@type":"WebPage","@id":"https:\/\/dezavelle.com\/cabinet-dpo\/offres-demploi\/","url":"https:\/\/dezavelle.com\/cabinet-dpo\/offres-demploi\/","name":"Offres d'emploi - Dezavelle","isPartOf":{"@id":"https:\/\/dezavelle.com\/cabinet-dpo\/#website"},"datePublished":"2016-12-15T15:14:16+00:00","dateModified":"2016-12-20T16:43:53+00:00","breadcrumb":{"@id":"https:\/\/dezavelle.com\/cabinet-dpo\/offres-demploi\/#breadcrumb"},"inLanguage":"fr-FR","potentialAction":[{"@type":"ReadAction","target":["https:\/\/dezavelle.com\/cabinet-dpo\/offres-demploi\/"]}]},{"@type":"BreadcrumbList","@id":"https:\/\/dezavelle.com\/cabinet-dpo\/offres-demploi\/#breadcrumb","itemListElement":[{"@type":"ListItem","position":1,"name":"Accueil","item":"https:\/\/dezavelle.com\/cabinet-dpo\/"},{"@type":"ListItem","position":2,"name":"Offres d&#8217;emploi"}]},{"@type":"WebSite","@id":"https:\/\/dezavelle.com\/cabinet-dpo\/#website","url":"https:\/\/dezavelle.com\/cabinet-dpo\/","name":"Dezavelle","description":"","potentialAction":[{"@type":"SearchAction","target":{"@type":"EntryPoint","urlTemplate":"https:\/\/dezavelle.com\/cabinet-dpo\/?s={search_term_string}"},"query-input":"required name=search_term_string"}],"inLanguage":"fr-FR"}]}},"_links":{"self":[{"href":"https:\/\/dezavelle.com\/cabinet-dpo\/wp-json\/wp\/v2\/pages\/250"}],"collection":[{"href":"https:\/\/dezavelle.com\/cabinet-dpo\/wp-json\/wp\/v2\/pages"}],"about":[{"href":"https:\/\/dezavelle.com\/cabinet-dpo\/wp-json\/wp\/v2\/types\/page"}],"author":[{"embeddable":true,"href":"https:\/\/dezavelle.com\/cabinet-dpo\/wp-json\/wp\/v2\/users\/1"}],"replies":[{"embeddable":true,"href":"https:\/\/dezavelle.com\/cabinet-dpo\/wp-json\/wp\/v2\/comments?post=250"}],"version-history":[{"count":7,"href":"https:\/\/dezavelle.com\/cabinet-dpo\/wp-json\/wp\/v2\/pages\/250\/revisions"}],"predecessor-version":[{"id":335,"href":"https:\/\/dezavelle.com\/cabinet-dpo\/wp-json\/wp\/v2\/pages\/250\/revisions\/335"}],"wp:attachment":[{"href":"https:\/\/dezavelle.com\/cabinet-dpo\/wp-json\/wp\/v2\/media?parent=250"}],"curies":[{"name":"wp","href":"https:\/\/api.w.org\/{rel}","templated":true}]}}