{"id":227,"date":"2016-12-15T15:03:07","date_gmt":"2016-12-15T14:03:07","guid":{"rendered":"http:\/\/dezavelle.com\/cabinet-dpo\/?page_id=227"},"modified":"2018-02-05T07:52:49","modified_gmt":"2018-02-05T06:52:49","slug":"blog","status":"publish","type":"page","link":"https:\/\/dezavelle.com\/cabinet-dpo\/blog\/","title":{"rendered":"Blog"},"content":{"rendered":"<ul class=\"lcp_catlist\" id=\"lcp_instance_0\"><li><h1 class=\"lcp_title\"><a href=\"https:\/\/dezavelle.com\/cabinet-dpo\/rgpd-donnees-sensibles\/\">RGPD J-12 &#8230; Attention\u00a0: donn\u00e9es sensibles\u00a0!<\/a><\/h1><a href=\"https:\/\/dezavelle.com\/cabinet-dpo\/rgpd-donnees-sensibles\/\" title=\"RGPD J-12 ... Attention\u00a0: donn\u00e9es sensibles\u00a0!\"><img loading=\"lazy\" decoding=\"async\" width=\"150\" height=\"150\" src=\"https:\/\/dezavelle.com\/cabinet-dpo\/wp-content\/uploads\/2018\/05\/J-12-Donn\u00e9es-sensibles-150x150.jpg\" class=\"lcp_thumbnail wp-post-image\" alt=\"RGPD J-12 ... Attention\u00a0: donn\u00e9es sensibles\u00a0!\" \/><\/a><div class=\"short-content\">RGPD J-12\n\u00ab\u00a0Attention\u00a0: donn\u00e9es sensibles\u00a0!\u00a0\u00bb\nLe RGPD \u00e9largi le champ des donn\u00e9es \u00ab\u00a0sensibles\u00a0\u00bb.\nEn plus des cat\u00e9gories de donn\u00e9es relatives aux origines raciales ou ethnique, aux opinions politiques, aux convictions religieuses, \u00e0 l\u2019appartenance syndicale, \u00e0 la sant\u00e9 et \u00e0 la vie sexuelle, le RGPD y ajoute les donn\u00e9es g\u00e9n\u00e9tiques, biom\u00e9triques ainsi que les donn\u00e9es relatives \u00e0 l\u2019orientation sexuelle, ...<\/div><a href=\"https:\/\/dezavelle.com\/cabinet-dpo\/rgpd-donnees-sensibles\/\" class=\"bttn\">En savoir plus<\/a><\/li><li><h1 class=\"lcp_title\"><a href=\"https:\/\/dezavelle.com\/cabinet-dpo\/rgpd-pia-eivp-analyse-d-impact\/\">RGPD J-15 &#8230; analyse d&rsquo;impact au programme<\/a><\/h1><a href=\"https:\/\/dezavelle.com\/cabinet-dpo\/rgpd-pia-eivp-analyse-d-impact\/\" title=\"RGPD J-15 ... analyse d&#039;impact au programme\"><img loading=\"lazy\" decoding=\"async\" width=\"150\" height=\"150\" src=\"https:\/\/dezavelle.com\/cabinet-dpo\/wp-content\/uploads\/2018\/05\/J-15-Analyse-dimpact-150x150.jpg\" class=\"lcp_thumbnail wp-post-image\" alt=\"RGPD J-15 ... analyse d&#039;impact au programme\" \/><\/a><div class=\"short-content\">RGPD J-15\n\u00ab L\u2019analyse d\u2019impact\u00a0: mesure pr\u00e9ventive en cas de risques pour les droits et libert\u00e9s des personnes \u00bb\nDans le cas o\u00f9 un traitement des donn\u00e9es personnelles est susceptible de pr\u00e9senter un risque important pour les droits et libert\u00e9s des individus, le responsable de traitement est dans l\u2019obligation de proc\u00e9der \u00e0 une \u00e9tude d\u2019impact sur la ...<\/div><a href=\"https:\/\/dezavelle.com\/cabinet-dpo\/rgpd-pia-eivp-analyse-d-impact\/\" class=\"bttn\">En savoir plus<\/a><\/li><li><h1 class=\"lcp_title\"><a href=\"https:\/\/dezavelle.com\/cabinet-dpo\/rgpd-consentement\/\">RGPD J-19 &#8230; Qui ne dit mot, NE consent PAS\u00a0!<\/a><\/h1><a href=\"https:\/\/dezavelle.com\/cabinet-dpo\/rgpd-consentement\/\" title=\"RGPD J-19 ... Qui ne dit mot, NE consent PAS\u00a0!\"><img loading=\"lazy\" decoding=\"async\" width=\"150\" height=\"150\" src=\"https:\/\/dezavelle.com\/cabinet-dpo\/wp-content\/uploads\/2018\/05\/J-19-CONSENTEMENT-150x150.jpg\" class=\"lcp_thumbnail wp-post-image\" alt=\"RGPD J-19 ... Qui ne dit mot, NE consent PAS\u00a0!\" \/><\/a><div class=\"short-content\">RGPD J-19\n\u00ab\u00a0Qui ne dit mot, NE consent PAS\u00a0!\u00a0\u00bb\nLe consentement des personnes \u00e0 la collecte et au traitement de leurs donn\u00e9es personnelles est au c\u0153ur du RGPD.\nCe consentement doit \u00eatre libre, \u00e9clair\u00e9 et se manifester par un acte positif clair d\u00e9pourvu de toute ambigu\u00eft\u00e9.\nSans consentement positif de l\u2019utilisateur, \u00a0il n\u2019est plus possible de lui \u00e9crire comme ...<\/div><a href=\"https:\/\/dezavelle.com\/cabinet-dpo\/rgpd-consentement\/\" class=\"bttn\">En savoir plus<\/a><\/li><li><h1 class=\"lcp_title\"><a href=\"https:\/\/dezavelle.com\/cabinet-dpo\/rgpd-tri-selectif-minimisation-des-donnees\/\">RGPD J-23 &#8230; On opte pour le tri s\u00e9lectif des donn\u00e9es<\/a><\/h1><a href=\"https:\/\/dezavelle.com\/cabinet-dpo\/rgpd-tri-selectif-minimisation-des-donnees\/\" title=\"RGPD J-23 ... On opte pour le tri s\u00e9lectif des donn\u00e9es\"><img loading=\"lazy\" decoding=\"async\" width=\"150\" height=\"150\" src=\"https:\/\/dezavelle.com\/cabinet-dpo\/wp-content\/uploads\/2018\/05\/J-23-Tri-selectif-des-donnees-150x150.jpg\" class=\"lcp_thumbnail wp-post-image\" alt=\"RGPD J-23 ... On opte pour le tri s\u00e9lectif des donn\u00e9es\" \/><\/a><div class=\"short-content\">RGPD J-23 \n\u00ab\u00a0Avez-vous pensez au tri s\u00e9lectif de vos donn\u00e9es\u00a0?\u00a0\u00bb\nOubliez le proverbe populaire \u00ab\u00a0mieux vaut trop que pas assez!\u00a0\u00bb\nLa r\u00e8gle de minimisation\u00a0des\u00a0donn\u00e9es\u00a0s\u2019impose avec l\u2019application du RGPD.\nSeules les donn\u00e9es ad\u00e9quates, pertinentes et limit\u00e9es \u00e0 ce qui est n\u00e9cessaire au regard des finalit\u00e9s pour lesquelles elles sont trait\u00e9es doivent \u00eatre collect\u00e9es\u00a0!\nOn ne collecte que ce qui est ...<\/div><a href=\"https:\/\/dezavelle.com\/cabinet-dpo\/rgpd-tri-selectif-minimisation-des-donnees\/\" class=\"bttn\">En savoir plus<\/a><\/li><li><h1 class=\"lcp_title\"><a href=\"https:\/\/dezavelle.com\/cabinet-dpo\/rgpd-designer-dpo\/\">RGPD J-29 &#8230; d\u00e9signer son DPO<\/a><\/h1><a href=\"https:\/\/dezavelle.com\/cabinet-dpo\/rgpd-designer-dpo\/\" title=\"RGPD J-29 ... d\u00e9signer son DPO\"><img loading=\"lazy\" decoding=\"async\" width=\"150\" height=\"150\" src=\"https:\/\/dezavelle.com\/cabinet-dpo\/wp-content\/uploads\/2018\/04\/J-29-D\u00e9signer-son-DPO-150x150.jpg\" class=\"lcp_thumbnail wp-post-image\" alt=\"RGPD J-29 ... d\u00e9signer son DPO\" \/><\/a><div class=\"short-content\">RGPD J-29 \nQu\u2019attendez-vous pour d\u00e9signer votre Data Protection Officer\u00a0?\nV\u00e9ritable \u00ab\u00a0pierre angulaire\u00a0\u00bb \u00e0 la mise en conformit\u00e9 au RGPD, le DPO, qu\u2019il soit interne ou externe \u00e0 l\u2019entreprise, repr\u00e9sente le point de contact entre l\u2019autorit\u00e9 de contr\u00f4le (la CNIL), les entreprises avec ses salari\u00e9s, clients et prospects, et les personnes au sens g\u00e9n\u00e9ral. Tous sont concern\u00e9s ...<\/div><a href=\"https:\/\/dezavelle.com\/cabinet-dpo\/rgpd-designer-dpo\/\" class=\"bttn\">En savoir plus<\/a><\/li><\/ul><ul class='lcp_paginator'><li class='lcp_currentpage'>1<\/li><li><a href='https:\/\/dezavelle.com\/cabinet-dpo\/wp-json\/wp\/v2\/pages\/227?lcp_page0=2#lcp_instance_0' title='2'>2<\/a><\/li><li><a href='https:\/\/dezavelle.com\/cabinet-dpo\/wp-json\/wp\/v2\/pages\/227?lcp_page0=3#lcp_instance_0' title='3'>3<\/a><\/li><li><a href='https:\/\/dezavelle.com\/cabinet-dpo\/wp-json\/wp\/v2\/pages\/227?lcp_page0=2#lcp_instance_0' title='2' class='lcp_nextlink'>&gt;&gt;<\/a><\/li><\/ul>\n","protected":false},"excerpt":{"rendered":"","protected":false},"author":1,"featured_media":0,"parent":0,"menu_order":0,"comment_status":"closed","ping_status":"closed","template":"","meta":{"footnotes":""},"yoast_head":"<!-- This site is optimized with the Yoast SEO plugin v20.4 - https:\/\/yoast.com\/wordpress\/plugins\/seo\/ -->\n<title>Blog - Dezavelle<\/title>\n<meta name=\"robots\" content=\"index, follow, max-snippet:-1, max-image-preview:large, max-video-preview:-1\" \/>\n<link rel=\"canonical\" href=\"https:\/\/dezavelle.com\/cabinet-dpo\/blog\/\" \/>\n<meta property=\"og:locale\" content=\"fr_FR\" \/>\n<meta property=\"og:type\" content=\"article\" \/>\n<meta property=\"og:title\" content=\"Blog - Dezavelle\" \/>\n<meta property=\"og:url\" content=\"https:\/\/dezavelle.com\/cabinet-dpo\/blog\/\" \/>\n<meta property=\"og:site_name\" content=\"Dezavelle\" \/>\n<meta property=\"article:modified_time\" content=\"2018-02-05T06:52:49+00:00\" \/>\n<meta name=\"twitter:card\" content=\"summary_large_image\" \/>\n<script type=\"application\/ld+json\" class=\"yoast-schema-graph\">{\"@context\":\"https:\/\/schema.org\",\"@graph\":[{\"@type\":\"WebPage\",\"@id\":\"https:\/\/dezavelle.com\/cabinet-dpo\/blog\/\",\"url\":\"https:\/\/dezavelle.com\/cabinet-dpo\/blog\/\",\"name\":\"Blog - Dezavelle\",\"isPartOf\":{\"@id\":\"https:\/\/dezavelle.com\/cabinet-dpo\/#website\"},\"datePublished\":\"2016-12-15T14:03:07+00:00\",\"dateModified\":\"2018-02-05T06:52:49+00:00\",\"breadcrumb\":{\"@id\":\"https:\/\/dezavelle.com\/cabinet-dpo\/blog\/#breadcrumb\"},\"inLanguage\":\"fr-FR\",\"potentialAction\":[{\"@type\":\"ReadAction\",\"target\":[\"https:\/\/dezavelle.com\/cabinet-dpo\/blog\/\"]}]},{\"@type\":\"BreadcrumbList\",\"@id\":\"https:\/\/dezavelle.com\/cabinet-dpo\/blog\/#breadcrumb\",\"itemListElement\":[{\"@type\":\"ListItem\",\"position\":1,\"name\":\"Accueil\",\"item\":\"https:\/\/dezavelle.com\/cabinet-dpo\/\"},{\"@type\":\"ListItem\",\"position\":2,\"name\":\"Blog\"}]},{\"@type\":\"WebSite\",\"@id\":\"https:\/\/dezavelle.com\/cabinet-dpo\/#website\",\"url\":\"https:\/\/dezavelle.com\/cabinet-dpo\/\",\"name\":\"Dezavelle\",\"description\":\"\",\"potentialAction\":[{\"@type\":\"SearchAction\",\"target\":{\"@type\":\"EntryPoint\",\"urlTemplate\":\"https:\/\/dezavelle.com\/cabinet-dpo\/?s={search_term_string}\"},\"query-input\":\"required name=search_term_string\"}],\"inLanguage\":\"fr-FR\"}]}<\/script>\n<!-- \/ Yoast SEO plugin. -->","yoast_head_json":{"title":"Blog - Dezavelle","robots":{"index":"index","follow":"follow","max-snippet":"max-snippet:-1","max-image-preview":"max-image-preview:large","max-video-preview":"max-video-preview:-1"},"canonical":"https:\/\/dezavelle.com\/cabinet-dpo\/blog\/","og_locale":"fr_FR","og_type":"article","og_title":"Blog - Dezavelle","og_url":"https:\/\/dezavelle.com\/cabinet-dpo\/blog\/","og_site_name":"Dezavelle","article_modified_time":"2018-02-05T06:52:49+00:00","twitter_card":"summary_large_image","schema":{"@context":"https:\/\/schema.org","@graph":[{"@type":"WebPage","@id":"https:\/\/dezavelle.com\/cabinet-dpo\/blog\/","url":"https:\/\/dezavelle.com\/cabinet-dpo\/blog\/","name":"Blog - Dezavelle","isPartOf":{"@id":"https:\/\/dezavelle.com\/cabinet-dpo\/#website"},"datePublished":"2016-12-15T14:03:07+00:00","dateModified":"2018-02-05T06:52:49+00:00","breadcrumb":{"@id":"https:\/\/dezavelle.com\/cabinet-dpo\/blog\/#breadcrumb"},"inLanguage":"fr-FR","potentialAction":[{"@type":"ReadAction","target":["https:\/\/dezavelle.com\/cabinet-dpo\/blog\/"]}]},{"@type":"BreadcrumbList","@id":"https:\/\/dezavelle.com\/cabinet-dpo\/blog\/#breadcrumb","itemListElement":[{"@type":"ListItem","position":1,"name":"Accueil","item":"https:\/\/dezavelle.com\/cabinet-dpo\/"},{"@type":"ListItem","position":2,"name":"Blog"}]},{"@type":"WebSite","@id":"https:\/\/dezavelle.com\/cabinet-dpo\/#website","url":"https:\/\/dezavelle.com\/cabinet-dpo\/","name":"Dezavelle","description":"","potentialAction":[{"@type":"SearchAction","target":{"@type":"EntryPoint","urlTemplate":"https:\/\/dezavelle.com\/cabinet-dpo\/?s={search_term_string}"},"query-input":"required name=search_term_string"}],"inLanguage":"fr-FR"}]}},"_links":{"self":[{"href":"https:\/\/dezavelle.com\/cabinet-dpo\/wp-json\/wp\/v2\/pages\/227"}],"collection":[{"href":"https:\/\/dezavelle.com\/cabinet-dpo\/wp-json\/wp\/v2\/pages"}],"about":[{"href":"https:\/\/dezavelle.com\/cabinet-dpo\/wp-json\/wp\/v2\/types\/page"}],"author":[{"embeddable":true,"href":"https:\/\/dezavelle.com\/cabinet-dpo\/wp-json\/wp\/v2\/users\/1"}],"replies":[{"embeddable":true,"href":"https:\/\/dezavelle.com\/cabinet-dpo\/wp-json\/wp\/v2\/comments?post=227"}],"version-history":[{"count":44,"href":"https:\/\/dezavelle.com\/cabinet-dpo\/wp-json\/wp\/v2\/pages\/227\/revisions"}],"predecessor-version":[{"id":925,"href":"https:\/\/dezavelle.com\/cabinet-dpo\/wp-json\/wp\/v2\/pages\/227\/revisions\/925"}],"wp:attachment":[{"href":"https:\/\/dezavelle.com\/cabinet-dpo\/wp-json\/wp\/v2\/media?parent=227"}],"curies":[{"name":"wp","href":"https:\/\/api.w.org\/{rel}","templated":true}]}}