{"id":2,"date":"2016-12-05T19:01:07","date_gmt":"2016-12-05T18:01:07","guid":{"rendered":"http:\/\/dezavelle.com\/cabinet-dpo\/?page_id=2"},"modified":"2018-08-31T16:31:18","modified_gmt":"2018-08-31T14:31:18","slug":"edito","status":"publish","type":"page","link":"https:\/\/dezavelle.com\/cabinet-dpo\/edito\/","title":{"rendered":"Editorial"},"content":{"rendered":"<p><img loading=\"lazy\" decoding=\"async\" class=\" wp-image-745 alignleft\" src=\"https:\/\/dezavelle.com\/cabinet-dpo\/wp-content\/uploads\/2016\/12\/dial-1821563_1280-300x198.jpg\" alt=\"\" width=\"327\" height=\"216\" srcset=\"https:\/\/dezavelle.com\/cabinet-dpo\/wp-content\/uploads\/2016\/12\/dial-1821563_1280-300x198.jpg 300w, https:\/\/dezavelle.com\/cabinet-dpo\/wp-content\/uploads\/2016\/12\/dial-1821563_1280-768x508.jpg 768w, https:\/\/dezavelle.com\/cabinet-dpo\/wp-content\/uploads\/2016\/12\/dial-1821563_1280-1024x677.jpg 1024w, https:\/\/dezavelle.com\/cabinet-dpo\/wp-content\/uploads\/2016\/12\/dial-1821563_1280.jpg 1280w\" sizes=\"(max-width: 327px) 100vw, 327px\" \/><\/p>\n<p>&nbsp;<\/p>\n<p>Depuis sa cr\u00e9ation en janvier 1985, notre cabinet accompagne ses clients dans toutes les \u00e9tapes de la vie et de la vie de leur entreprise. Plus r\u00e9cemment, nous avons cr\u00e9\u00e9 un p\u00f4le innovant, tout sp\u00e9cialement d\u00e9di\u00e9 \u00e0 la protection des donn\u00e9es \u00e0 caract\u00e8re personnel.<\/p>\n<p>Fond\u00e9 \u00e0 l\u2019origine sur la Loi Informatique et Libert\u00e9s du 6 janvier 1978, de nouveaux textes l\u00e9gislatifs viennent de renforcer les dispositifs de protection des personnes et de leurs donn\u00e9es dans les traitements informatiques op\u00e9r\u00e9s par les \u00ab\u00a0entit\u00e9s\u00a0\u00bb (entreprises, organismes, soci\u00e9t\u00e9s, etc.)<\/p>\n<p>La loi pour une R\u00e9publique num\u00e9rique du 7 octobre 2016 consacre \u00e9galement une avanc\u00e9e importante pour\u00a0la protection des droits des particuliers, en compl\u00e9tant\u00a0la Loi Informatique et Libert\u00e9s.<\/p>\n<p><em>\u00ab Toute personne dispose du droit de d\u00e9cider et de contr\u00f4ler les usages qui sont faits des donn\u00e9es \u00e0 caract\u00e8re personnel la concernant, dans les conditions fix\u00e9es par\u00a0la pr\u00e9sente loi.\u00a0\u00bb\u00a0<\/em><\/p>\n<p>Le r\u00e8glement europ\u00e9en sur la protection des donn\u00e9es personnelles est quant \u00e0 lui paru le 27 avril 2016 et est entr\u00e9 en application\u00a0<strong>le 25 mai 2018<\/strong>.<\/p>\n<p>Il conforte lui aussi le caract\u00e8re central de la personne et renforce\u00a0la ma\u00eetrise par l\u2019individu de ses donn\u00e9es. Il s\u2019appliquera d\u00e8s lors qu\u2019un quelconque r\u00e9sident europ\u00e9en sera substantiellement affect\u00e9 par un traitement de donn\u00e9es. Les acteurs mondiaux, tout comme l\u2019ensemble des entreprises et organismes de notre pays seront donc soumis au\u00a0droit europ\u00e9en d\u00e8s lors qu\u2019ils offriront un produit ou un service \u00e0 un citoyen de l&rsquo;Union, m\u00eame \u00e0 distance.<\/p>\n<p>De plus, ce r\u00e8glement reconna\u00eet d\u00e9sormais de nouveaux droits aux personnes, par exemple\u00a0:<\/p>\n<ul>\n<li>Une information plus claire et accessible\u00a0;<\/li>\n<li>une protection des enfants renforc\u00e9e avec un recueil du consentement aupr\u00e8s des parents\u00a0;<\/li>\n<li>un nouveau droit \u00e0 la portabilit\u00e9 qui permet de r\u00e9cup\u00e9rer ses donn\u00e9es sous une forme ais\u00e9ment r\u00e9utilisable et de le transf\u00e9rer ensuite \u00e0 un tiers\u00a0;<\/li>\n<li>le droit \u00e0 r\u00e9paration d\u2019un dommage mat\u00e9riel ou moral, notamment dans le cadre d\u2019actions collectives.<\/li>\n<\/ul>\n<p>Qui dit \u00ab\u00a0nouveaux droits des individus\u00a0\u00bb dit aussi \u00ab nouvelles obligations des entreprises\u00a0\u00bb et plus incidemment \u00ab sanctions en cas de non-respect\u00a0\u00bb. Ces p\u00e9nalit\u00e9s sont tr\u00e8s loin d\u2019\u00eatre anecdotiques (le r\u00e8glement fixe des amendes qui peuvent\u00a0aller jusqu\u2019\u00e0 4\u00a0% du chiffre d\u2019affaires mondial ou 20 millions d\u2019euros) et peuvent \u00e9galement affecter d\u2019une fa\u00e7on d\u00e9sastreuse l\u2019image de l\u2019entreprise en cas de condamnation \u00e0 d\u2019affichage en premi\u00e8re page de votre site&#8230;.<\/p>\n<p>Nous pr\u00e9f\u00e9rons tabler sur une int\u00e9gration plus vertueuse de la situation\u00a0:<\/p>\n<ul>\n<li>offrir aux entreprises de communiquer sur leur conformit\u00e9, et leur permettre d\u2019afficher le logo officiel de l\u2019\u00e9tat certifiant la conformit\u00e9 aux lois, en premi\u00e8re page de leur site web<\/li>\n<li>en mettant \u00e9galement nos clients en conformit\u00e9 avec les r\u00e8gles l\u00e9gales de s\u00e9curit\u00e9, en les prot\u00e9geant des attaques malveillantes, des demandes de ran\u00e7on et de nombreux sinistres informatiques\u00a0;<\/li>\n<li>en les accompagnant dans la transition num\u00e9rique, vers des syst\u00e8mes plus s\u00e9curis\u00e9s, plus fiables et plus efficaces\u00a0;<\/li>\n<\/ul>\n<p>La soci\u00e9t\u00e9 et les entreprises se transforment profond\u00e9ment. La \u00ab\u00a0digitalisation\u00a0\u00bb cr\u00e9e de nouvelles contraintes et ouvre de nouveaux droits.<\/p>\n<p>Nous sommes aux cot\u00e9s de nos clients et de leurs entreprises pour accompagner ce changement.<\/p>\n<p><em>L&rsquo;\u00e9quipe DPO-Avocats<\/em><\/p>\n","protected":false},"excerpt":{"rendered":"<p>&nbsp; Depuis sa cr\u00e9ation en janvier 1985, notre cabinet accompagne ses clients dans toutes les \u00e9tapes de la vie et de la vie de leur entreprise. Plus r\u00e9cemment, nous avons cr\u00e9\u00e9 un p\u00f4le innovant, tout sp\u00e9cialement d\u00e9di\u00e9 \u00e0 la protection des donn\u00e9es \u00e0 caract\u00e8re personnel. Fond\u00e9 \u00e0 l\u2019origine sur la Loi Informatique et Libert\u00e9s du [&hellip;]<\/p>\n","protected":false},"author":1,"featured_media":0,"parent":0,"menu_order":0,"comment_status":"closed","ping_status":"open","template":"","meta":{"footnotes":""},"yoast_head":"<!-- This site is optimized with the Yoast SEO plugin v20.4 - https:\/\/yoast.com\/wordpress\/plugins\/seo\/ -->\n<title>Editorial - Dezavelle<\/title>\n<meta name=\"robots\" content=\"index, follow, max-snippet:-1, max-image-preview:large, max-video-preview:-1\" \/>\n<link rel=\"canonical\" href=\"https:\/\/dezavelle.com\/cabinet-dpo\/edito\/\" \/>\n<meta property=\"og:locale\" content=\"fr_FR\" \/>\n<meta property=\"og:type\" content=\"article\" \/>\n<meta property=\"og:title\" content=\"Editorial - Dezavelle\" \/>\n<meta property=\"og:description\" content=\"&nbsp; Depuis sa cr\u00e9ation en janvier 1985, notre cabinet accompagne ses clients dans toutes les \u00e9tapes de la vie et de la vie de leur entreprise. Plus r\u00e9cemment, nous avons cr\u00e9\u00e9 un p\u00f4le innovant, tout sp\u00e9cialement d\u00e9di\u00e9 \u00e0 la protection des donn\u00e9es \u00e0 caract\u00e8re personnel. Fond\u00e9 \u00e0 l\u2019origine sur la Loi Informatique et Libert\u00e9s du [&hellip;]\" \/>\n<meta property=\"og:url\" content=\"https:\/\/dezavelle.com\/cabinet-dpo\/edito\/\" \/>\n<meta property=\"og:site_name\" content=\"Dezavelle\" \/>\n<meta property=\"article:modified_time\" content=\"2018-08-31T14:31:18+00:00\" \/>\n<meta property=\"og:image\" content=\"https:\/\/dezavelle.com\/cabinet-dpo\/wp-content\/uploads\/2016\/12\/dial-1821563_1280-300x198.jpg\" \/>\n<meta name=\"twitter:card\" content=\"summary_large_image\" \/>\n<meta name=\"twitter:label1\" content=\"Dur\u00e9e de lecture estim\u00e9e\" \/>\n\t<meta name=\"twitter:data1\" content=\"3 minutes\" \/>\n<script type=\"application\/ld+json\" class=\"yoast-schema-graph\">{\"@context\":\"https:\/\/schema.org\",\"@graph\":[{\"@type\":\"WebPage\",\"@id\":\"https:\/\/dezavelle.com\/cabinet-dpo\/edito\/\",\"url\":\"https:\/\/dezavelle.com\/cabinet-dpo\/edito\/\",\"name\":\"Editorial - Dezavelle\",\"isPartOf\":{\"@id\":\"https:\/\/dezavelle.com\/cabinet-dpo\/#website\"},\"datePublished\":\"2016-12-05T18:01:07+00:00\",\"dateModified\":\"2018-08-31T14:31:18+00:00\",\"breadcrumb\":{\"@id\":\"https:\/\/dezavelle.com\/cabinet-dpo\/edito\/#breadcrumb\"},\"inLanguage\":\"fr-FR\",\"potentialAction\":[{\"@type\":\"ReadAction\",\"target\":[\"https:\/\/dezavelle.com\/cabinet-dpo\/edito\/\"]}]},{\"@type\":\"BreadcrumbList\",\"@id\":\"https:\/\/dezavelle.com\/cabinet-dpo\/edito\/#breadcrumb\",\"itemListElement\":[{\"@type\":\"ListItem\",\"position\":1,\"name\":\"Accueil\",\"item\":\"https:\/\/dezavelle.com\/cabinet-dpo\/\"},{\"@type\":\"ListItem\",\"position\":2,\"name\":\"Editorial\"}]},{\"@type\":\"WebSite\",\"@id\":\"https:\/\/dezavelle.com\/cabinet-dpo\/#website\",\"url\":\"https:\/\/dezavelle.com\/cabinet-dpo\/\",\"name\":\"Dezavelle\",\"description\":\"\",\"potentialAction\":[{\"@type\":\"SearchAction\",\"target\":{\"@type\":\"EntryPoint\",\"urlTemplate\":\"https:\/\/dezavelle.com\/cabinet-dpo\/?s={search_term_string}\"},\"query-input\":\"required name=search_term_string\"}],\"inLanguage\":\"fr-FR\"}]}<\/script>\n<!-- \/ Yoast SEO plugin. -->","yoast_head_json":{"title":"Editorial - Dezavelle","robots":{"index":"index","follow":"follow","max-snippet":"max-snippet:-1","max-image-preview":"max-image-preview:large","max-video-preview":"max-video-preview:-1"},"canonical":"https:\/\/dezavelle.com\/cabinet-dpo\/edito\/","og_locale":"fr_FR","og_type":"article","og_title":"Editorial - Dezavelle","og_description":"&nbsp; Depuis sa cr\u00e9ation en janvier 1985, notre cabinet accompagne ses clients dans toutes les \u00e9tapes de la vie et de la vie de leur entreprise. Plus r\u00e9cemment, nous avons cr\u00e9\u00e9 un p\u00f4le innovant, tout sp\u00e9cialement d\u00e9di\u00e9 \u00e0 la protection des donn\u00e9es \u00e0 caract\u00e8re personnel. Fond\u00e9 \u00e0 l\u2019origine sur la Loi Informatique et Libert\u00e9s du [&hellip;]","og_url":"https:\/\/dezavelle.com\/cabinet-dpo\/edito\/","og_site_name":"Dezavelle","article_modified_time":"2018-08-31T14:31:18+00:00","og_image":[{"url":"https:\/\/dezavelle.com\/cabinet-dpo\/wp-content\/uploads\/2016\/12\/dial-1821563_1280-300x198.jpg"}],"twitter_card":"summary_large_image","twitter_misc":{"Dur\u00e9e de lecture estim\u00e9e":"3 minutes"},"schema":{"@context":"https:\/\/schema.org","@graph":[{"@type":"WebPage","@id":"https:\/\/dezavelle.com\/cabinet-dpo\/edito\/","url":"https:\/\/dezavelle.com\/cabinet-dpo\/edito\/","name":"Editorial - Dezavelle","isPartOf":{"@id":"https:\/\/dezavelle.com\/cabinet-dpo\/#website"},"datePublished":"2016-12-05T18:01:07+00:00","dateModified":"2018-08-31T14:31:18+00:00","breadcrumb":{"@id":"https:\/\/dezavelle.com\/cabinet-dpo\/edito\/#breadcrumb"},"inLanguage":"fr-FR","potentialAction":[{"@type":"ReadAction","target":["https:\/\/dezavelle.com\/cabinet-dpo\/edito\/"]}]},{"@type":"BreadcrumbList","@id":"https:\/\/dezavelle.com\/cabinet-dpo\/edito\/#breadcrumb","itemListElement":[{"@type":"ListItem","position":1,"name":"Accueil","item":"https:\/\/dezavelle.com\/cabinet-dpo\/"},{"@type":"ListItem","position":2,"name":"Editorial"}]},{"@type":"WebSite","@id":"https:\/\/dezavelle.com\/cabinet-dpo\/#website","url":"https:\/\/dezavelle.com\/cabinet-dpo\/","name":"Dezavelle","description":"","potentialAction":[{"@type":"SearchAction","target":{"@type":"EntryPoint","urlTemplate":"https:\/\/dezavelle.com\/cabinet-dpo\/?s={search_term_string}"},"query-input":"required name=search_term_string"}],"inLanguage":"fr-FR"}]}},"_links":{"self":[{"href":"https:\/\/dezavelle.com\/cabinet-dpo\/wp-json\/wp\/v2\/pages\/2"}],"collection":[{"href":"https:\/\/dezavelle.com\/cabinet-dpo\/wp-json\/wp\/v2\/pages"}],"about":[{"href":"https:\/\/dezavelle.com\/cabinet-dpo\/wp-json\/wp\/v2\/types\/page"}],"author":[{"embeddable":true,"href":"https:\/\/dezavelle.com\/cabinet-dpo\/wp-json\/wp\/v2\/users\/1"}],"replies":[{"embeddable":true,"href":"https:\/\/dezavelle.com\/cabinet-dpo\/wp-json\/wp\/v2\/comments?post=2"}],"version-history":[{"count":17,"href":"https:\/\/dezavelle.com\/cabinet-dpo\/wp-json\/wp\/v2\/pages\/2\/revisions"}],"predecessor-version":[{"id":995,"href":"https:\/\/dezavelle.com\/cabinet-dpo\/wp-json\/wp\/v2\/pages\/2\/revisions\/995"}],"wp:attachment":[{"href":"https:\/\/dezavelle.com\/cabinet-dpo\/wp-json\/wp\/v2\/media?parent=2"}],"curies":[{"name":"wp","href":"https:\/\/api.w.org\/{rel}","templated":true}]}}