{"id":178,"date":"2016-12-14T11:50:08","date_gmt":"2016-12-14T10:50:08","guid":{"rendered":"http:\/\/dezavelle.com\/cabinet-dpo\/?page_id=178"},"modified":"2017-03-22T17:27:30","modified_gmt":"2017-03-22T16:27:30","slug":"honoraires-2","status":"publish","type":"page","link":"https:\/\/dezavelle.com\/cabinet-dpo\/honoraires-2\/","title":{"rendered":"Honoraires"},"content":{"rendered":"<p>Les honoraires sont librement d\u00e9termin\u00e9s par accord entre l&rsquo;avocat et le client. Cependant, et conform\u00e9ment aux r\u00e8gles d&rsquo;\u00e9thique, DPO AVOCATS fixe le montant de ses honoraires en fonction de diff\u00e9rents crit\u00e8res, et en particulier :<\/p>\n<ul>\n<li>La nature et la difficult\u00e9 du dossier<\/li>\n<li>Le temps pass\u00e9<\/li>\n<li>Les diligences \u00e0 accomplir et le travail de recherche<\/li>\n<li>L\u2019importance des int\u00e9r\u00eats en cause et des enjeux \u00e9conomiques et financiers<\/li>\n<\/ul>\n<p>&nbsp;<\/p>\n<p><strong><u>LA CONVENTION D\u2019HONORAIRES<\/u><\/strong><\/p>\n<p>Le cabinet DPO-AVOCATS propose syst\u00e9matiquement une convention d\u2019honoraire qui pr\u00e9cise les modalit\u00e9s de calcul des honoraires et frais ainsi que les conditions de leur facturation, sign\u00e9e par le client et l\u2019avocat, chacune des parties en conservant un exemplaire.<\/p>\n<p>&nbsp;<\/p>\n<p><strong><u>LES HONORAIRES<\/u><\/strong><\/p>\n<p><u>Plusieurs modes de facturation peuvent \u00eatre propos\u00e9s :<\/u><\/p>\n<p><strong><u>Une Facturation au temps pass\u00e9<\/u><\/strong><\/p>\n<p>Dans ce mode de facturation,\u00a0DPO AVOCATS\u00a0vous facturera au taux horaire de 350,00 \u20ac HT le temps qu\u2019il aura pass\u00e9 dans la gestion de votre dossier, auxquels s\u2019ajoute la TVA au taux en vigueur.<\/p>\n<p><strong><u>Une Facturation au forfait<\/u><\/strong><\/p>\n<p>Dans ce mode de facturation,\u00a0DPO AVOCATS\u00a0vous proposera un honoraire global ne tenant pas compte du temps pass\u00e9. Dans certains types de contentieux, DPO AVOCATS pourra \u00eatre amen\u00e9 \u00e0 facturer un honoraire compl\u00e9mentaire, dit\u00a0<strong>honoraire de r\u00e9sultat<\/strong>, en sus de l\u2019honoraire fixe, prenant la forme d\u2019un pourcentage sur le montant des sommes per\u00e7ues par le client.<\/p>\n<p><strong><u>Une Facturation sur abonnement<\/u><\/strong><\/p>\n<p>Dans le cadre particulier de la nomination du cabinet DPO-AVOCATS comme CIL externe, la facturation se fera sur le mode d\u2019un <strong>abonnement<\/strong> sur une <strong>p\u00e9riode convenue<\/strong>, et <strong>revaloris\u00e9 chaque ann\u00e9e.<\/strong><\/p>\n<p>&nbsp;<\/p>\n<p>&nbsp;<\/p>\n<p><strong><u>LES FRAIS<\/u><\/strong><\/p>\n<p>Les frais li\u00e9s au droit de timbre sont r\u00e9gl\u00e9s par le client. Les frais des \u00e9ventuels intervenants ext\u00e9rieurs (huissiers, postulants, experts, notaires\u2026) sont pay\u00e9s directement aux int\u00e9ress\u00e9s par le client.<\/p>\n<p>&nbsp;<\/p>\n<p><strong><u>LE COUT DE LA CONSULTATION<\/u><\/strong><\/p>\n<p>La consultation est factur\u00e9e 350 \u20ac HT de l\u2019heure auxquels s\u2019ajoute la TVA au taux en vigueur.<\/p>\n","protected":false},"excerpt":{"rendered":"<p>Les honoraires sont librement d\u00e9termin\u00e9s par accord entre l&rsquo;avocat et le client. Cependant, et conform\u00e9ment aux r\u00e8gles d&rsquo;\u00e9thique, DPO AVOCATS fixe le montant de ses honoraires en fonction de diff\u00e9rents crit\u00e8res, et en particulier : La nature et la difficult\u00e9 du dossier Le temps pass\u00e9 Les diligences \u00e0 accomplir et le travail de recherche L\u2019importance [&hellip;]<\/p>\n","protected":false},"author":1,"featured_media":0,"parent":0,"menu_order":0,"comment_status":"closed","ping_status":"closed","template":"","meta":{"footnotes":""},"yoast_head":"<!-- This site is optimized with the Yoast SEO plugin v20.4 - https:\/\/yoast.com\/wordpress\/plugins\/seo\/ -->\n<title>Honoraires - Dezavelle<\/title>\n<meta name=\"robots\" content=\"index, follow, max-snippet:-1, max-image-preview:large, max-video-preview:-1\" \/>\n<link rel=\"canonical\" href=\"https:\/\/dezavelle.com\/cabinet-dpo\/honoraires-2\/\" \/>\n<meta property=\"og:locale\" content=\"fr_FR\" \/>\n<meta property=\"og:type\" content=\"article\" \/>\n<meta property=\"og:title\" content=\"Honoraires - Dezavelle\" \/>\n<meta property=\"og:description\" content=\"Les honoraires sont librement d\u00e9termin\u00e9s par accord entre l&rsquo;avocat et le client. Cependant, et conform\u00e9ment aux r\u00e8gles d&rsquo;\u00e9thique, DPO AVOCATS fixe le montant de ses honoraires en fonction de diff\u00e9rents crit\u00e8res, et en particulier : La nature et la difficult\u00e9 du dossier Le temps pass\u00e9 Les diligences \u00e0 accomplir et le travail de recherche L\u2019importance [&hellip;]\" \/>\n<meta property=\"og:url\" content=\"https:\/\/dezavelle.com\/cabinet-dpo\/honoraires-2\/\" \/>\n<meta property=\"og:site_name\" content=\"Dezavelle\" \/>\n<meta property=\"article:modified_time\" content=\"2017-03-22T16:27:30+00:00\" \/>\n<meta name=\"twitter:card\" content=\"summary_large_image\" \/>\n<meta name=\"twitter:label1\" content=\"Dur\u00e9e de lecture estim\u00e9e\" \/>\n\t<meta name=\"twitter:data1\" content=\"2 minutes\" \/>\n<script type=\"application\/ld+json\" class=\"yoast-schema-graph\">{\"@context\":\"https:\/\/schema.org\",\"@graph\":[{\"@type\":\"WebPage\",\"@id\":\"https:\/\/dezavelle.com\/cabinet-dpo\/honoraires-2\/\",\"url\":\"https:\/\/dezavelle.com\/cabinet-dpo\/honoraires-2\/\",\"name\":\"Honoraires - Dezavelle\",\"isPartOf\":{\"@id\":\"https:\/\/dezavelle.com\/cabinet-dpo\/#website\"},\"datePublished\":\"2016-12-14T10:50:08+00:00\",\"dateModified\":\"2017-03-22T16:27:30+00:00\",\"breadcrumb\":{\"@id\":\"https:\/\/dezavelle.com\/cabinet-dpo\/honoraires-2\/#breadcrumb\"},\"inLanguage\":\"fr-FR\",\"potentialAction\":[{\"@type\":\"ReadAction\",\"target\":[\"https:\/\/dezavelle.com\/cabinet-dpo\/honoraires-2\/\"]}]},{\"@type\":\"BreadcrumbList\",\"@id\":\"https:\/\/dezavelle.com\/cabinet-dpo\/honoraires-2\/#breadcrumb\",\"itemListElement\":[{\"@type\":\"ListItem\",\"position\":1,\"name\":\"Accueil\",\"item\":\"https:\/\/dezavelle.com\/cabinet-dpo\/\"},{\"@type\":\"ListItem\",\"position\":2,\"name\":\"Honoraires\"}]},{\"@type\":\"WebSite\",\"@id\":\"https:\/\/dezavelle.com\/cabinet-dpo\/#website\",\"url\":\"https:\/\/dezavelle.com\/cabinet-dpo\/\",\"name\":\"Dezavelle\",\"description\":\"\",\"potentialAction\":[{\"@type\":\"SearchAction\",\"target\":{\"@type\":\"EntryPoint\",\"urlTemplate\":\"https:\/\/dezavelle.com\/cabinet-dpo\/?s={search_term_string}\"},\"query-input\":\"required name=search_term_string\"}],\"inLanguage\":\"fr-FR\"}]}<\/script>\n<!-- \/ Yoast SEO plugin. -->","yoast_head_json":{"title":"Honoraires - Dezavelle","robots":{"index":"index","follow":"follow","max-snippet":"max-snippet:-1","max-image-preview":"max-image-preview:large","max-video-preview":"max-video-preview:-1"},"canonical":"https:\/\/dezavelle.com\/cabinet-dpo\/honoraires-2\/","og_locale":"fr_FR","og_type":"article","og_title":"Honoraires - Dezavelle","og_description":"Les honoraires sont librement d\u00e9termin\u00e9s par accord entre l&rsquo;avocat et le client. Cependant, et conform\u00e9ment aux r\u00e8gles d&rsquo;\u00e9thique, DPO AVOCATS fixe le montant de ses honoraires en fonction de diff\u00e9rents crit\u00e8res, et en particulier : La nature et la difficult\u00e9 du dossier Le temps pass\u00e9 Les diligences \u00e0 accomplir et le travail de recherche L\u2019importance [&hellip;]","og_url":"https:\/\/dezavelle.com\/cabinet-dpo\/honoraires-2\/","og_site_name":"Dezavelle","article_modified_time":"2017-03-22T16:27:30+00:00","twitter_card":"summary_large_image","twitter_misc":{"Dur\u00e9e de lecture estim\u00e9e":"2 minutes"},"schema":{"@context":"https:\/\/schema.org","@graph":[{"@type":"WebPage","@id":"https:\/\/dezavelle.com\/cabinet-dpo\/honoraires-2\/","url":"https:\/\/dezavelle.com\/cabinet-dpo\/honoraires-2\/","name":"Honoraires - Dezavelle","isPartOf":{"@id":"https:\/\/dezavelle.com\/cabinet-dpo\/#website"},"datePublished":"2016-12-14T10:50:08+00:00","dateModified":"2017-03-22T16:27:30+00:00","breadcrumb":{"@id":"https:\/\/dezavelle.com\/cabinet-dpo\/honoraires-2\/#breadcrumb"},"inLanguage":"fr-FR","potentialAction":[{"@type":"ReadAction","target":["https:\/\/dezavelle.com\/cabinet-dpo\/honoraires-2\/"]}]},{"@type":"BreadcrumbList","@id":"https:\/\/dezavelle.com\/cabinet-dpo\/honoraires-2\/#breadcrumb","itemListElement":[{"@type":"ListItem","position":1,"name":"Accueil","item":"https:\/\/dezavelle.com\/cabinet-dpo\/"},{"@type":"ListItem","position":2,"name":"Honoraires"}]},{"@type":"WebSite","@id":"https:\/\/dezavelle.com\/cabinet-dpo\/#website","url":"https:\/\/dezavelle.com\/cabinet-dpo\/","name":"Dezavelle","description":"","potentialAction":[{"@type":"SearchAction","target":{"@type":"EntryPoint","urlTemplate":"https:\/\/dezavelle.com\/cabinet-dpo\/?s={search_term_string}"},"query-input":"required name=search_term_string"}],"inLanguage":"fr-FR"}]}},"_links":{"self":[{"href":"https:\/\/dezavelle.com\/cabinet-dpo\/wp-json\/wp\/v2\/pages\/178"}],"collection":[{"href":"https:\/\/dezavelle.com\/cabinet-dpo\/wp-json\/wp\/v2\/pages"}],"about":[{"href":"https:\/\/dezavelle.com\/cabinet-dpo\/wp-json\/wp\/v2\/types\/page"}],"author":[{"embeddable":true,"href":"https:\/\/dezavelle.com\/cabinet-dpo\/wp-json\/wp\/v2\/users\/1"}],"replies":[{"embeddable":true,"href":"https:\/\/dezavelle.com\/cabinet-dpo\/wp-json\/wp\/v2\/comments?post=178"}],"version-history":[{"count":4,"href":"https:\/\/dezavelle.com\/cabinet-dpo\/wp-json\/wp\/v2\/pages\/178\/revisions"}],"predecessor-version":[{"id":373,"href":"https:\/\/dezavelle.com\/cabinet-dpo\/wp-json\/wp\/v2\/pages\/178\/revisions\/373"}],"wp:attachment":[{"href":"https:\/\/dezavelle.com\/cabinet-dpo\/wp-json\/wp\/v2\/media?parent=178"}],"curies":[{"name":"wp","href":"https:\/\/api.w.org\/{rel}","templated":true}]}}