{"id":142,"date":"2016-12-14T10:41:03","date_gmt":"2016-12-14T09:41:03","guid":{"rendered":"http:\/\/dezavelle.com\/cabinet-dpo\/?page_id=142"},"modified":"2017-04-30T14:28:57","modified_gmt":"2017-04-30T12:28:57","slug":"politique-dhonoraires","status":"publish","type":"page","link":"https:\/\/dezavelle.com\/cabinet-dpo\/politique-dhonoraires\/","title":{"rendered":"Politique d&rsquo;honoraires"},"content":{"rendered":"<p>Les honoraires du cabinet sont toujours fix\u00e9s pr\u00e9alablement en accord avec le client selon un tarif variable, en fonction notamment :<\/p>\n<ul style=\"list-style-type: square;\">\n<li>du temps pass\u00e9 par les divers intervenants du dossier<\/li>\n<li>de la nature et de la complexit\u00e9 de l&rsquo;affaire<\/li>\n<li>de la qualification ou de l&rsquo;anciennet\u00e9 du ou des avocats intervenants<\/li>\n<li>du pays depuis lequel intervient l&rsquo;avocat en charge<\/li>\n<\/ul>\n<p>Une convention dite \u00ab\u00a0convention d&rsquo;honoraires de r\u00e9sultat\u00a0\u00bb peut \u00e9galement \u00eatre propos\u00e9e d\u00e8s l&rsquo;ouverture du dossier.<\/p>\n<p>En outre, une convention d&rsquo;honoraires pr\u00e9cise et explicite est propos\u00e9e au client, apr\u00e8s v\u00e9rification de l&rsquo;absence de tout conflit d&rsquo;int\u00e9r\u00eats avec un autre client du Cabinet.<\/p>\n<p><em>Le Cabinet D\u00e9zavelle-Livowsky et associ\u00e9s \u00e9tant membre d\u2019une Association Agr\u00e9\u00e9e, le r\u00e8glement des honoraires par ch\u00e8que est accept\u00e9.<\/em><\/p>\n","protected":false},"excerpt":{"rendered":"<p>Les honoraires du cabinet sont toujours fix\u00e9s pr\u00e9alablement en accord avec le client selon un tarif variable, en fonction notamment : du temps pass\u00e9 par les divers intervenants du dossier de la nature et de la complexit\u00e9 de l&rsquo;affaire de la qualification ou de l&rsquo;anciennet\u00e9 du ou des avocats intervenants du pays depuis lequel intervient [&hellip;]<\/p>\n","protected":false},"author":1,"featured_media":0,"parent":0,"menu_order":0,"comment_status":"closed","ping_status":"closed","template":"page_cabinet.php","meta":{"footnotes":""},"yoast_head":"<!-- This site is optimized with the Yoast SEO plugin v20.4 - https:\/\/yoast.com\/wordpress\/plugins\/seo\/ -->\n<title>Politique d&#039;honoraires - Dezavelle<\/title>\n<meta name=\"robots\" content=\"index, follow, max-snippet:-1, max-image-preview:large, max-video-preview:-1\" \/>\n<link rel=\"canonical\" href=\"https:\/\/dezavelle.com\/cabinet-dpo\/politique-dhonoraires\/\" \/>\n<meta property=\"og:locale\" content=\"fr_FR\" \/>\n<meta property=\"og:type\" content=\"article\" \/>\n<meta property=\"og:title\" content=\"Politique d&#039;honoraires - Dezavelle\" \/>\n<meta property=\"og:description\" content=\"Les honoraires du cabinet sont toujours fix\u00e9s pr\u00e9alablement en accord avec le client selon un tarif variable, en fonction notamment : du temps pass\u00e9 par les divers intervenants du dossier de la nature et de la complexit\u00e9 de l&rsquo;affaire de la qualification ou de l&rsquo;anciennet\u00e9 du ou des avocats intervenants du pays depuis lequel intervient [&hellip;]\" \/>\n<meta property=\"og:url\" content=\"https:\/\/dezavelle.com\/cabinet-dpo\/politique-dhonoraires\/\" \/>\n<meta property=\"og:site_name\" content=\"Dezavelle\" \/>\n<meta property=\"article:modified_time\" content=\"2017-04-30T12:28:57+00:00\" \/>\n<meta name=\"twitter:card\" content=\"summary_large_image\" \/>\n<meta name=\"twitter:label1\" content=\"Dur\u00e9e de lecture estim\u00e9e\" \/>\n\t<meta name=\"twitter:data1\" content=\"1 minute\" \/>\n<script type=\"application\/ld+json\" class=\"yoast-schema-graph\">{\"@context\":\"https:\/\/schema.org\",\"@graph\":[{\"@type\":\"WebPage\",\"@id\":\"https:\/\/dezavelle.com\/cabinet-dpo\/politique-dhonoraires\/\",\"url\":\"https:\/\/dezavelle.com\/cabinet-dpo\/politique-dhonoraires\/\",\"name\":\"Politique d'honoraires - Dezavelle\",\"isPartOf\":{\"@id\":\"https:\/\/dezavelle.com\/cabinet-dpo\/#website\"},\"datePublished\":\"2016-12-14T09:41:03+00:00\",\"dateModified\":\"2017-04-30T12:28:57+00:00\",\"breadcrumb\":{\"@id\":\"https:\/\/dezavelle.com\/cabinet-dpo\/politique-dhonoraires\/#breadcrumb\"},\"inLanguage\":\"fr-FR\",\"potentialAction\":[{\"@type\":\"ReadAction\",\"target\":[\"https:\/\/dezavelle.com\/cabinet-dpo\/politique-dhonoraires\/\"]}]},{\"@type\":\"BreadcrumbList\",\"@id\":\"https:\/\/dezavelle.com\/cabinet-dpo\/politique-dhonoraires\/#breadcrumb\",\"itemListElement\":[{\"@type\":\"ListItem\",\"position\":1,\"name\":\"Accueil\",\"item\":\"https:\/\/dezavelle.com\/cabinet-dpo\/\"},{\"@type\":\"ListItem\",\"position\":2,\"name\":\"Politique d&rsquo;honoraires\"}]},{\"@type\":\"WebSite\",\"@id\":\"https:\/\/dezavelle.com\/cabinet-dpo\/#website\",\"url\":\"https:\/\/dezavelle.com\/cabinet-dpo\/\",\"name\":\"Dezavelle\",\"description\":\"\",\"potentialAction\":[{\"@type\":\"SearchAction\",\"target\":{\"@type\":\"EntryPoint\",\"urlTemplate\":\"https:\/\/dezavelle.com\/cabinet-dpo\/?s={search_term_string}\"},\"query-input\":\"required name=search_term_string\"}],\"inLanguage\":\"fr-FR\"}]}<\/script>\n<!-- \/ Yoast SEO plugin. -->","yoast_head_json":{"title":"Politique d'honoraires - Dezavelle","robots":{"index":"index","follow":"follow","max-snippet":"max-snippet:-1","max-image-preview":"max-image-preview:large","max-video-preview":"max-video-preview:-1"},"canonical":"https:\/\/dezavelle.com\/cabinet-dpo\/politique-dhonoraires\/","og_locale":"fr_FR","og_type":"article","og_title":"Politique d'honoraires - Dezavelle","og_description":"Les honoraires du cabinet sont toujours fix\u00e9s pr\u00e9alablement en accord avec le client selon un tarif variable, en fonction notamment : du temps pass\u00e9 par les divers intervenants du dossier de la nature et de la complexit\u00e9 de l&rsquo;affaire de la qualification ou de l&rsquo;anciennet\u00e9 du ou des avocats intervenants du pays depuis lequel intervient [&hellip;]","og_url":"https:\/\/dezavelle.com\/cabinet-dpo\/politique-dhonoraires\/","og_site_name":"Dezavelle","article_modified_time":"2017-04-30T12:28:57+00:00","twitter_card":"summary_large_image","twitter_misc":{"Dur\u00e9e de lecture estim\u00e9e":"1 minute"},"schema":{"@context":"https:\/\/schema.org","@graph":[{"@type":"WebPage","@id":"https:\/\/dezavelle.com\/cabinet-dpo\/politique-dhonoraires\/","url":"https:\/\/dezavelle.com\/cabinet-dpo\/politique-dhonoraires\/","name":"Politique d'honoraires - Dezavelle","isPartOf":{"@id":"https:\/\/dezavelle.com\/cabinet-dpo\/#website"},"datePublished":"2016-12-14T09:41:03+00:00","dateModified":"2017-04-30T12:28:57+00:00","breadcrumb":{"@id":"https:\/\/dezavelle.com\/cabinet-dpo\/politique-dhonoraires\/#breadcrumb"},"inLanguage":"fr-FR","potentialAction":[{"@type":"ReadAction","target":["https:\/\/dezavelle.com\/cabinet-dpo\/politique-dhonoraires\/"]}]},{"@type":"BreadcrumbList","@id":"https:\/\/dezavelle.com\/cabinet-dpo\/politique-dhonoraires\/#breadcrumb","itemListElement":[{"@type":"ListItem","position":1,"name":"Accueil","item":"https:\/\/dezavelle.com\/cabinet-dpo\/"},{"@type":"ListItem","position":2,"name":"Politique d&rsquo;honoraires"}]},{"@type":"WebSite","@id":"https:\/\/dezavelle.com\/cabinet-dpo\/#website","url":"https:\/\/dezavelle.com\/cabinet-dpo\/","name":"Dezavelle","description":"","potentialAction":[{"@type":"SearchAction","target":{"@type":"EntryPoint","urlTemplate":"https:\/\/dezavelle.com\/cabinet-dpo\/?s={search_term_string}"},"query-input":"required name=search_term_string"}],"inLanguage":"fr-FR"}]}},"_links":{"self":[{"href":"https:\/\/dezavelle.com\/cabinet-dpo\/wp-json\/wp\/v2\/pages\/142"}],"collection":[{"href":"https:\/\/dezavelle.com\/cabinet-dpo\/wp-json\/wp\/v2\/pages"}],"about":[{"href":"https:\/\/dezavelle.com\/cabinet-dpo\/wp-json\/wp\/v2\/types\/page"}],"author":[{"embeddable":true,"href":"https:\/\/dezavelle.com\/cabinet-dpo\/wp-json\/wp\/v2\/users\/1"}],"replies":[{"embeddable":true,"href":"https:\/\/dezavelle.com\/cabinet-dpo\/wp-json\/wp\/v2\/comments?post=142"}],"version-history":[{"count":5,"href":"https:\/\/dezavelle.com\/cabinet-dpo\/wp-json\/wp\/v2\/pages\/142\/revisions"}],"predecessor-version":[{"id":751,"href":"https:\/\/dezavelle.com\/cabinet-dpo\/wp-json\/wp\/v2\/pages\/142\/revisions\/751"}],"wp:attachment":[{"href":"https:\/\/dezavelle.com\/cabinet-dpo\/wp-json\/wp\/v2\/media?parent=142"}],"curies":[{"name":"wp","href":"https:\/\/api.w.org\/{rel}","templated":true}]}}