{"id":136,"date":"2016-12-14T10:39:35","date_gmt":"2016-12-14T09:39:35","guid":{"rendered":"http:\/\/dezavelle.com\/cabinet-dpo\/?page_id=136"},"modified":"2017-04-30T14:20:08","modified_gmt":"2017-04-30T12:20:08","slug":"domaines-dexpertises-2","status":"publish","type":"page","link":"https:\/\/dezavelle.com\/cabinet-dpo\/domaines-dexpertises-2\/","title":{"rendered":"Domaines d&rsquo;expertise"},"content":{"rendered":"<p>Fort d&rsquo;une exp\u00e9rience et d&rsquo;un savoir-faire de plus de 25 ans, le Cabinet D\u00e9zavelle-Livowsky &amp; associ\u00e9s offre aux entreprises, aux institutions publiques et priv\u00e9es et aux particuliers un ensemble de prestations juridiques \u00e9largies.<\/p>\n<h3>DROIT DE LA FAMILLE ET DU PATRIMOINE<\/h3>\n<p>Le droit de la famille et du patrimoine touche \u00e0 l\u2019intimit\u00e9. Nos \u00e9quipes accompagnent depuis plus de 30 ans les familles tout au long de leur vie\u00a0: mariage, divorce, filiation, succession, modification des situations patrimoniales.<\/p>\n<p>Notre expertise couvre les situations suivantes :<\/p>\n<ul>\n<li>Divorce par consentement mutuel ou contentieux, r\u00e9gimes matrimoniaux, pacs, union libre, r\u00e9sidence, droit de visite et d\u2019h\u00e9bergement, pensions alimentaires<\/li>\n<li>Gestion des cons\u00e9quences patrimoniales (liquidation, partage et prestation compensatoire)<\/li>\n<li>Filiation (contestation, recherche de paternit\u00e9), adoption et d\u00e9l\u00e9gation d&rsquo;autorit\u00e9 parentale<\/li>\n<li>Tutelles et r\u00e9gimes de protection des majeurs vuln\u00e9rables<\/li>\n<li>En mati\u00e8re de droit des successions, nous intervenons \u00e0 vos c\u00f4t\u00e9s pour vous assister devant notaire ou devant les tribunaux (r\u00e8glement amiable ou contentieux des successions), lors du partage et de la liquidation amiable ou judiciaire des successions, \u00e0 l\u2019occasion de proc\u00e9dures contentieuses, pour d\u00e9bloquer une succession, etc.<\/li>\n<\/ul>\n<h3>DROIT SOCIAL<\/h3>\n<p>Le droit du travail et le droit de la s\u00e9curit\u00e9 sociale sont en constante \u00e9volution.<\/p>\n<p>C\u2019est dans ce contexte que nous accompagnons nos clients tout au long de la cha\u00eene\u00a0: de la r\u00e9daction des contrats de travail \u00e0 la r\u00e9siliation desdits contrats, en passant par une assistance aux n\u00e9gociations individuelles et collectives au sein des entreprises.<\/p>\n<h3>DROIT DES CONTRATS<\/h3>\n<p>Nous accompagnons nos clients et leurs entreprises dans la r\u00e9daction de leurs contrats, clauses et conditions g\u00e9n\u00e9rales, mais \u00e9galement en cas de contentieux devant les juridictions, par exemple en cas d\u2019atteinte \u00e0 la concurrence.<\/p>\n<h3>DROIT P\u00c9NAL<\/h3>\n<p>Nous conseillons et repr\u00e9sentons nos clients en cas de contentieux devant les juridictions p\u00e9nales, et plus particuli\u00e8rement\u00a0:<\/p>\n<ul>\n<li>Droit p\u00e9nal du travail\u00a0: accidents du travail, responsabilit\u00e9 des dirigeants, proc\u00e8s-verbaux de l\u2019inspection du travail, etc.\u00a0;<\/li>\n<li>Droit p\u00e9nal des affaires\u00a0: abus de biens sociaux, abus de confiance, escroquerie, extorsion, chantage, etc.\u00a0;<\/li>\n<li>Contraventions ;<\/li>\n<li>D\u00e9lits de droit commun\u00a0;<\/li>\n<li>Crimes et d\u00e9lits contre les personnes et les biens.<\/li>\n<\/ul>\n<p>&nbsp;<\/p>\n<p>Notre exigence constante de qualit\u00e9 et d&rsquo;expertise permet au Cabinet d&rsquo;avoir gagn\u00e9 et conserv\u00e9 la confiance de nombreuses entreprises de tout premier ordre \u00e9voluant dans les secteurs \u00e9conomiques les plus divers, et notamment :<\/p>\n<ul style=\"list-style-type: square;\">\n<li>La presse<\/li>\n<li>L&rsquo;industrie du luxe<\/li>\n<li>La production audiovisuelle et cin\u00e9matographique<\/li>\n<li>Les technologies de pointe<\/li>\n<li>L\u2019 Intelligence Artificielle et la recherche appliqu\u00e9e<\/li>\n<li>La s\u00e9curit\u00e9 informatique et bancaire<\/li>\n<li>Les t\u00e9l\u00e9coms civils<\/li>\n<li>Les satellites et Internet tr\u00e8s haut d\u00e9bit<\/li>\n<li>La s\u00e9curisation des transactions civiles et militaires<\/li>\n<li>Les associations caritatives \u00e0 vocation internationale (ONG)<\/li>\n<li>Le monde de la publicit\u00e9<\/li>\n<li>Le consulting et le management<\/li>\n<\/ul>\n<p>Le Cabinet d\u2019Avocats D\u00e9zavelle-Livowsky &amp; Associ\u00e9s se trouve \u00eatre par ailleurs le conseil privil\u00e9gi\u00e9 de nombreux magistrats et avocats.<\/p>\n<p><em>Nous disposons \u00e9galement d\u2019un r\u00e9seau d\u2019avocats partenaires sp\u00e9cialis\u00e9s finances et fiscalit\u00e9.<\/em><\/p>\n","protected":false},"excerpt":{"rendered":"<p>Fort d&rsquo;une exp\u00e9rience et d&rsquo;un savoir-faire de plus de 25 ans, le Cabinet D\u00e9zavelle-Livowsky &amp; associ\u00e9s offre aux entreprises, aux institutions publiques et priv\u00e9es et aux particuliers un ensemble de prestations juridiques \u00e9largies. DROIT DE LA FAMILLE ET DU PATRIMOINE Le droit de la famille et du patrimoine touche \u00e0 l\u2019intimit\u00e9. Nos \u00e9quipes accompagnent depuis [&hellip;]<\/p>\n","protected":false},"author":1,"featured_media":0,"parent":0,"menu_order":0,"comment_status":"closed","ping_status":"closed","template":"page_cabinet.php","meta":{"footnotes":""},"yoast_head":"<!-- This site is optimized with the Yoast SEO plugin v20.4 - https:\/\/yoast.com\/wordpress\/plugins\/seo\/ -->\n<title>Domaines d&#039;expertise - Dezavelle<\/title>\n<meta name=\"robots\" content=\"index, follow, max-snippet:-1, max-image-preview:large, max-video-preview:-1\" \/>\n<link rel=\"canonical\" href=\"https:\/\/dezavelle.com\/cabinet-dpo\/domaines-dexpertises-2\/\" \/>\n<meta property=\"og:locale\" content=\"fr_FR\" \/>\n<meta property=\"og:type\" content=\"article\" \/>\n<meta property=\"og:title\" content=\"Domaines d&#039;expertise - Dezavelle\" \/>\n<meta property=\"og:description\" content=\"Fort d&rsquo;une exp\u00e9rience et d&rsquo;un savoir-faire de plus de 25 ans, le Cabinet D\u00e9zavelle-Livowsky &amp; associ\u00e9s offre aux entreprises, aux institutions publiques et priv\u00e9es et aux particuliers un ensemble de prestations juridiques \u00e9largies. DROIT DE LA FAMILLE ET DU PATRIMOINE Le droit de la famille et du patrimoine touche \u00e0 l\u2019intimit\u00e9. Nos \u00e9quipes accompagnent depuis [&hellip;]\" \/>\n<meta property=\"og:url\" content=\"https:\/\/dezavelle.com\/cabinet-dpo\/domaines-dexpertises-2\/\" \/>\n<meta property=\"og:site_name\" content=\"Dezavelle\" \/>\n<meta property=\"article:modified_time\" content=\"2017-04-30T12:20:08+00:00\" \/>\n<meta name=\"twitter:card\" content=\"summary_large_image\" \/>\n<meta name=\"twitter:label1\" content=\"Dur\u00e9e de lecture estim\u00e9e\" \/>\n\t<meta name=\"twitter:data1\" content=\"3 minutes\" \/>\n<script type=\"application\/ld+json\" class=\"yoast-schema-graph\">{\"@context\":\"https:\/\/schema.org\",\"@graph\":[{\"@type\":\"WebPage\",\"@id\":\"https:\/\/dezavelle.com\/cabinet-dpo\/domaines-dexpertises-2\/\",\"url\":\"https:\/\/dezavelle.com\/cabinet-dpo\/domaines-dexpertises-2\/\",\"name\":\"Domaines d'expertise - Dezavelle\",\"isPartOf\":{\"@id\":\"https:\/\/dezavelle.com\/cabinet-dpo\/#website\"},\"datePublished\":\"2016-12-14T09:39:35+00:00\",\"dateModified\":\"2017-04-30T12:20:08+00:00\",\"breadcrumb\":{\"@id\":\"https:\/\/dezavelle.com\/cabinet-dpo\/domaines-dexpertises-2\/#breadcrumb\"},\"inLanguage\":\"fr-FR\",\"potentialAction\":[{\"@type\":\"ReadAction\",\"target\":[\"https:\/\/dezavelle.com\/cabinet-dpo\/domaines-dexpertises-2\/\"]}]},{\"@type\":\"BreadcrumbList\",\"@id\":\"https:\/\/dezavelle.com\/cabinet-dpo\/domaines-dexpertises-2\/#breadcrumb\",\"itemListElement\":[{\"@type\":\"ListItem\",\"position\":1,\"name\":\"Accueil\",\"item\":\"https:\/\/dezavelle.com\/cabinet-dpo\/\"},{\"@type\":\"ListItem\",\"position\":2,\"name\":\"Domaines d&rsquo;expertise\"}]},{\"@type\":\"WebSite\",\"@id\":\"https:\/\/dezavelle.com\/cabinet-dpo\/#website\",\"url\":\"https:\/\/dezavelle.com\/cabinet-dpo\/\",\"name\":\"Dezavelle\",\"description\":\"\",\"potentialAction\":[{\"@type\":\"SearchAction\",\"target\":{\"@type\":\"EntryPoint\",\"urlTemplate\":\"https:\/\/dezavelle.com\/cabinet-dpo\/?s={search_term_string}\"},\"query-input\":\"required name=search_term_string\"}],\"inLanguage\":\"fr-FR\"}]}<\/script>\n<!-- \/ Yoast SEO plugin. -->","yoast_head_json":{"title":"Domaines d'expertise - Dezavelle","robots":{"index":"index","follow":"follow","max-snippet":"max-snippet:-1","max-image-preview":"max-image-preview:large","max-video-preview":"max-video-preview:-1"},"canonical":"https:\/\/dezavelle.com\/cabinet-dpo\/domaines-dexpertises-2\/","og_locale":"fr_FR","og_type":"article","og_title":"Domaines d'expertise - Dezavelle","og_description":"Fort d&rsquo;une exp\u00e9rience et d&rsquo;un savoir-faire de plus de 25 ans, le Cabinet D\u00e9zavelle-Livowsky &amp; associ\u00e9s offre aux entreprises, aux institutions publiques et priv\u00e9es et aux particuliers un ensemble de prestations juridiques \u00e9largies. DROIT DE LA FAMILLE ET DU PATRIMOINE Le droit de la famille et du patrimoine touche \u00e0 l\u2019intimit\u00e9. Nos \u00e9quipes accompagnent depuis [&hellip;]","og_url":"https:\/\/dezavelle.com\/cabinet-dpo\/domaines-dexpertises-2\/","og_site_name":"Dezavelle","article_modified_time":"2017-04-30T12:20:08+00:00","twitter_card":"summary_large_image","twitter_misc":{"Dur\u00e9e de lecture estim\u00e9e":"3 minutes"},"schema":{"@context":"https:\/\/schema.org","@graph":[{"@type":"WebPage","@id":"https:\/\/dezavelle.com\/cabinet-dpo\/domaines-dexpertises-2\/","url":"https:\/\/dezavelle.com\/cabinet-dpo\/domaines-dexpertises-2\/","name":"Domaines d'expertise - Dezavelle","isPartOf":{"@id":"https:\/\/dezavelle.com\/cabinet-dpo\/#website"},"datePublished":"2016-12-14T09:39:35+00:00","dateModified":"2017-04-30T12:20:08+00:00","breadcrumb":{"@id":"https:\/\/dezavelle.com\/cabinet-dpo\/domaines-dexpertises-2\/#breadcrumb"},"inLanguage":"fr-FR","potentialAction":[{"@type":"ReadAction","target":["https:\/\/dezavelle.com\/cabinet-dpo\/domaines-dexpertises-2\/"]}]},{"@type":"BreadcrumbList","@id":"https:\/\/dezavelle.com\/cabinet-dpo\/domaines-dexpertises-2\/#breadcrumb","itemListElement":[{"@type":"ListItem","position":1,"name":"Accueil","item":"https:\/\/dezavelle.com\/cabinet-dpo\/"},{"@type":"ListItem","position":2,"name":"Domaines d&rsquo;expertise"}]},{"@type":"WebSite","@id":"https:\/\/dezavelle.com\/cabinet-dpo\/#website","url":"https:\/\/dezavelle.com\/cabinet-dpo\/","name":"Dezavelle","description":"","potentialAction":[{"@type":"SearchAction","target":{"@type":"EntryPoint","urlTemplate":"https:\/\/dezavelle.com\/cabinet-dpo\/?s={search_term_string}"},"query-input":"required name=search_term_string"}],"inLanguage":"fr-FR"}]}},"_links":{"self":[{"href":"https:\/\/dezavelle.com\/cabinet-dpo\/wp-json\/wp\/v2\/pages\/136"}],"collection":[{"href":"https:\/\/dezavelle.com\/cabinet-dpo\/wp-json\/wp\/v2\/pages"}],"about":[{"href":"https:\/\/dezavelle.com\/cabinet-dpo\/wp-json\/wp\/v2\/types\/page"}],"author":[{"embeddable":true,"href":"https:\/\/dezavelle.com\/cabinet-dpo\/wp-json\/wp\/v2\/users\/1"}],"replies":[{"embeddable":true,"href":"https:\/\/dezavelle.com\/cabinet-dpo\/wp-json\/wp\/v2\/comments?post=136"}],"version-history":[{"count":10,"href":"https:\/\/dezavelle.com\/cabinet-dpo\/wp-json\/wp\/v2\/pages\/136\/revisions"}],"predecessor-version":[{"id":749,"href":"https:\/\/dezavelle.com\/cabinet-dpo\/wp-json\/wp\/v2\/pages\/136\/revisions\/749"}],"wp:attachment":[{"href":"https:\/\/dezavelle.com\/cabinet-dpo\/wp-json\/wp\/v2\/media?parent=136"}],"curies":[{"name":"wp","href":"https:\/\/api.w.org\/{rel}","templated":true}]}}