{"id":127,"date":"2016-12-14T10:37:59","date_gmt":"2016-12-14T09:37:59","guid":{"rendered":"http:\/\/dezavelle.com\/cabinet-dpo\/?page_id=127"},"modified":"2017-03-28T19:11:04","modified_gmt":"2017-03-28T17:11:04","slug":"textes-de-lois","status":"publish","type":"page","link":"https:\/\/dezavelle.com\/cabinet-dpo\/textes-de-lois\/","title":{"rendered":"Textes de lois"},"content":{"rendered":"<p>Vous trouverez sur cette page les principaux textes en vigueur, sans que cette liste ne soit exhaustive.<\/p>\n<h3><span class=\"ctn-gen-textes-references-titre\">Loi n\u00b0 78-17 du 6 Janvier 1978 <\/span><\/h3>\n<p><span class=\"ctn-gen-textes-references-titre\">relative \u00e0 l&rsquo;informatique, aux fichiers et aux libert\u00e9s\u00a0<\/span><\/p>\n<p><a href=\"https:\/\/dezavelle.com\/cabinet-dpo\/wp-content\/uploads\/2017\/03\/Loi-du-6-janvier-1978-modifi\u00e9e-le-6-ao\u00fbt-2004.pdf\" target=\"_blank\">Loi Informatique et Libert\u00e9s du 6 janvier 1978 modifi\u00e9e le 6 ao\u00fbt 2004<\/a><\/p>\n<h3><\/h3>\n<h3><span class=\"ctn-gen-textes-references-titre\">Directive europ\u00e9enne n\u00b095\/46\/CE du 24 octobre 1995<\/span><\/h3>\n<p>relative \u00e0 la protection des personnes physiques \u00e0 l&rsquo;\u00e9gard du traitement des donn\u00e9es \u00e0 caract\u00e8re personnel et \u00e0 la libre circulation de ces donn\u00e9es<\/p>\n<p><a href=\"https:\/\/dezavelle.com\/cabinet-dpo\/wp-content\/uploads\/2017\/03\/Directive-95.46.CE-du-Parlement-europ\u00e9en-et-du-Conseil-du-24-octobre-1995.pdf\" target=\"_blank\">Directive 95\/46\/CE du Parlement europ\u00e9en<\/a><\/p>\n<p>directive abrog\u00e9e par la directive\u00a02016\/680 du 27 avril 2016<\/p>\n<p>&nbsp;<\/p>\n<h3>Loi 2016-1321 du 7\u00a0octobre 2016\u00a0pour une R\u00e9publique Num\u00e9rique<\/h3>\n<p><a href=\"https:\/\/dezavelle.com\/cabinet-dpo\/wp-content\/uploads\/2017\/03\/LRN-Officiel.pdf\" target=\"_blank\">Loi R\u00e9publique Num\u00e9rique du 7 octobre 2016<\/a><\/p>\n<p>&nbsp;<\/p>\n<h3>R\u00e8glement Europ\u00e9en 2016\/679<\/h3>\n<p><a href=\"https:\/\/dezavelle.com\/cabinet-dpo\/wp-content\/uploads\/2017\/03\/R\u00e9glement-Europ\u00e9en.pdf\">R\u00e8glement (UE) 2016\/679 du Parlement europ\u00e9en et du Conseil du 27 avril 2016<\/a><\/p>\n<p>&nbsp;<\/p>\n<h3>Directive 2016\/680 du 27 avril 2016<\/h3>\n<p>relative \u00e0 la protection des personnes physiques \u00e0 l&rsquo;\u00e9gard du traitement des donn\u00e9es \u00e0 caract\u00e8re personnel par les autorit\u00e9s comp\u00e9tentes \u00e0 des fins de pr\u00e9vention et de d\u00e9tection des infractions p\u00e9nales, d&rsquo;enqu\u00eates et de poursuites en la mati\u00e8re ou d&rsquo;ex\u00e9cution de sanctions p\u00e9nales, et \u00e0 la libre circulation de ces donn\u00e9es<\/p>\n<p><a href=\"https:\/\/dezavelle.com\/cabinet-dpo\/wp-content\/uploads\/2017\/03\/DIRECTIVE-UE-2016.680-DU-PARLEMENT-EUROP\u00c9EN-ET-DU-CONSEIL.pdf\">DIRECTIVE (UE) 2016.680 du 27 avril 2016<\/a><\/p>\n","protected":false},"excerpt":{"rendered":"<p>Vous trouverez sur cette page les principaux textes en vigueur, sans que cette liste ne soit exhaustive. Loi n\u00b0 78-17 du 6 Janvier 1978 relative \u00e0 l&rsquo;informatique, aux fichiers et aux libert\u00e9s\u00a0 Loi Informatique et Libert\u00e9s du 6 janvier 1978 modifi\u00e9e le 6 ao\u00fbt 2004 Directive europ\u00e9enne n\u00b095\/46\/CE du 24 octobre 1995 relative \u00e0 la [&hellip;]<\/p>\n","protected":false},"author":1,"featured_media":0,"parent":0,"menu_order":0,"comment_status":"closed","ping_status":"closed","template":"","meta":{"footnotes":""},"yoast_head":"<!-- This site is optimized with the Yoast SEO plugin v20.4 - https:\/\/yoast.com\/wordpress\/plugins\/seo\/ -->\n<title>Textes de lois - Dezavelle<\/title>\n<meta name=\"robots\" content=\"index, follow, max-snippet:-1, max-image-preview:large, max-video-preview:-1\" \/>\n<link rel=\"canonical\" href=\"https:\/\/dezavelle.com\/cabinet-dpo\/textes-de-lois\/\" \/>\n<meta property=\"og:locale\" content=\"fr_FR\" \/>\n<meta property=\"og:type\" content=\"article\" \/>\n<meta property=\"og:title\" content=\"Textes de lois - Dezavelle\" \/>\n<meta property=\"og:description\" content=\"Vous trouverez sur cette page les principaux textes en vigueur, sans que cette liste ne soit exhaustive. Loi n\u00b0 78-17 du 6 Janvier 1978 relative \u00e0 l&rsquo;informatique, aux fichiers et aux libert\u00e9s\u00a0 Loi Informatique et Libert\u00e9s du 6 janvier 1978 modifi\u00e9e le 6 ao\u00fbt 2004 Directive europ\u00e9enne n\u00b095\/46\/CE du 24 octobre 1995 relative \u00e0 la [&hellip;]\" \/>\n<meta property=\"og:url\" content=\"https:\/\/dezavelle.com\/cabinet-dpo\/textes-de-lois\/\" \/>\n<meta property=\"og:site_name\" content=\"Dezavelle\" \/>\n<meta property=\"article:modified_time\" content=\"2017-03-28T17:11:04+00:00\" \/>\n<meta name=\"twitter:card\" content=\"summary_large_image\" \/>\n<meta name=\"twitter:label1\" content=\"Dur\u00e9e de lecture estim\u00e9e\" \/>\n\t<meta name=\"twitter:data1\" content=\"1 minute\" \/>\n<script type=\"application\/ld+json\" class=\"yoast-schema-graph\">{\"@context\":\"https:\/\/schema.org\",\"@graph\":[{\"@type\":\"WebPage\",\"@id\":\"https:\/\/dezavelle.com\/cabinet-dpo\/textes-de-lois\/\",\"url\":\"https:\/\/dezavelle.com\/cabinet-dpo\/textes-de-lois\/\",\"name\":\"Textes de lois - Dezavelle\",\"isPartOf\":{\"@id\":\"https:\/\/dezavelle.com\/cabinet-dpo\/#website\"},\"datePublished\":\"2016-12-14T09:37:59+00:00\",\"dateModified\":\"2017-03-28T17:11:04+00:00\",\"breadcrumb\":{\"@id\":\"https:\/\/dezavelle.com\/cabinet-dpo\/textes-de-lois\/#breadcrumb\"},\"inLanguage\":\"fr-FR\",\"potentialAction\":[{\"@type\":\"ReadAction\",\"target\":[\"https:\/\/dezavelle.com\/cabinet-dpo\/textes-de-lois\/\"]}]},{\"@type\":\"BreadcrumbList\",\"@id\":\"https:\/\/dezavelle.com\/cabinet-dpo\/textes-de-lois\/#breadcrumb\",\"itemListElement\":[{\"@type\":\"ListItem\",\"position\":1,\"name\":\"Accueil\",\"item\":\"https:\/\/dezavelle.com\/cabinet-dpo\/\"},{\"@type\":\"ListItem\",\"position\":2,\"name\":\"Textes de lois\"}]},{\"@type\":\"WebSite\",\"@id\":\"https:\/\/dezavelle.com\/cabinet-dpo\/#website\",\"url\":\"https:\/\/dezavelle.com\/cabinet-dpo\/\",\"name\":\"Dezavelle\",\"description\":\"\",\"potentialAction\":[{\"@type\":\"SearchAction\",\"target\":{\"@type\":\"EntryPoint\",\"urlTemplate\":\"https:\/\/dezavelle.com\/cabinet-dpo\/?s={search_term_string}\"},\"query-input\":\"required name=search_term_string\"}],\"inLanguage\":\"fr-FR\"}]}<\/script>\n<!-- \/ Yoast SEO plugin. -->","yoast_head_json":{"title":"Textes de lois - Dezavelle","robots":{"index":"index","follow":"follow","max-snippet":"max-snippet:-1","max-image-preview":"max-image-preview:large","max-video-preview":"max-video-preview:-1"},"canonical":"https:\/\/dezavelle.com\/cabinet-dpo\/textes-de-lois\/","og_locale":"fr_FR","og_type":"article","og_title":"Textes de lois - Dezavelle","og_description":"Vous trouverez sur cette page les principaux textes en vigueur, sans que cette liste ne soit exhaustive. Loi n\u00b0 78-17 du 6 Janvier 1978 relative \u00e0 l&rsquo;informatique, aux fichiers et aux libert\u00e9s\u00a0 Loi Informatique et Libert\u00e9s du 6 janvier 1978 modifi\u00e9e le 6 ao\u00fbt 2004 Directive europ\u00e9enne n\u00b095\/46\/CE du 24 octobre 1995 relative \u00e0 la [&hellip;]","og_url":"https:\/\/dezavelle.com\/cabinet-dpo\/textes-de-lois\/","og_site_name":"Dezavelle","article_modified_time":"2017-03-28T17:11:04+00:00","twitter_card":"summary_large_image","twitter_misc":{"Dur\u00e9e de lecture estim\u00e9e":"1 minute"},"schema":{"@context":"https:\/\/schema.org","@graph":[{"@type":"WebPage","@id":"https:\/\/dezavelle.com\/cabinet-dpo\/textes-de-lois\/","url":"https:\/\/dezavelle.com\/cabinet-dpo\/textes-de-lois\/","name":"Textes de lois - Dezavelle","isPartOf":{"@id":"https:\/\/dezavelle.com\/cabinet-dpo\/#website"},"datePublished":"2016-12-14T09:37:59+00:00","dateModified":"2017-03-28T17:11:04+00:00","breadcrumb":{"@id":"https:\/\/dezavelle.com\/cabinet-dpo\/textes-de-lois\/#breadcrumb"},"inLanguage":"fr-FR","potentialAction":[{"@type":"ReadAction","target":["https:\/\/dezavelle.com\/cabinet-dpo\/textes-de-lois\/"]}]},{"@type":"BreadcrumbList","@id":"https:\/\/dezavelle.com\/cabinet-dpo\/textes-de-lois\/#breadcrumb","itemListElement":[{"@type":"ListItem","position":1,"name":"Accueil","item":"https:\/\/dezavelle.com\/cabinet-dpo\/"},{"@type":"ListItem","position":2,"name":"Textes de lois"}]},{"@type":"WebSite","@id":"https:\/\/dezavelle.com\/cabinet-dpo\/#website","url":"https:\/\/dezavelle.com\/cabinet-dpo\/","name":"Dezavelle","description":"","potentialAction":[{"@type":"SearchAction","target":{"@type":"EntryPoint","urlTemplate":"https:\/\/dezavelle.com\/cabinet-dpo\/?s={search_term_string}"},"query-input":"required name=search_term_string"}],"inLanguage":"fr-FR"}]}},"_links":{"self":[{"href":"https:\/\/dezavelle.com\/cabinet-dpo\/wp-json\/wp\/v2\/pages\/127"}],"collection":[{"href":"https:\/\/dezavelle.com\/cabinet-dpo\/wp-json\/wp\/v2\/pages"}],"about":[{"href":"https:\/\/dezavelle.com\/cabinet-dpo\/wp-json\/wp\/v2\/types\/page"}],"author":[{"embeddable":true,"href":"https:\/\/dezavelle.com\/cabinet-dpo\/wp-json\/wp\/v2\/users\/1"}],"replies":[{"embeddable":true,"href":"https:\/\/dezavelle.com\/cabinet-dpo\/wp-json\/wp\/v2\/comments?post=127"}],"version-history":[{"count":6,"href":"https:\/\/dezavelle.com\/cabinet-dpo\/wp-json\/wp\/v2\/pages\/127\/revisions"}],"predecessor-version":[{"id":502,"href":"https:\/\/dezavelle.com\/cabinet-dpo\/wp-json\/wp\/v2\/pages\/127\/revisions\/502"}],"wp:attachment":[{"href":"https:\/\/dezavelle.com\/cabinet-dpo\/wp-json\/wp\/v2\/media?parent=127"}],"curies":[{"name":"wp","href":"https:\/\/api.w.org\/{rel}","templated":true}]}}